{"id":4317,"date":"2022-06-03T00:54:14","date_gmt":"2022-06-03T00:54:14","guid":{"rendered":"https:\/\/kindart.is\/?post_type=product&#038;p=4317"},"modified":"2023-09-08T15:59:21","modified_gmt":"2023-09-08T15:59:21","slug":"maddomur-i-reynisholti-madams-in-reynisholt-40x40-cm","status":"publish","type":"product","link":"https:\/\/kindart.is\/en\/vara\/maddomur-i-reynisholti-madams-in-reynisholt-40x40-cm\/","title":{"rendered":"Madd\u00f6mur \u00ed Reynisholti \/ Madams in Reynisholt (40&#215;40 cm)"},"content":{"rendered":"<p>Akr\u00fdl \/ bl\u00f6ndu\u00f0 t\u00e6kni \u00e1 striga, 40&#215;40 cm<\/p>\n<p>Acrylic \/ mixed media on canvas, 40&#215;40 cm<\/p>\n<p>(2022)<\/p>\n<p>&nbsp;<\/p>\n","protected":false},"excerpt":{"rendered":"<p>Akr\u00fdl \/ bl\u00f6ndu\u00f0 t\u00e6kni \u00e1 striga, 40&#215;40 cm Acrylic \/ mixed media on canvas, 40&#215;40 cm (2022) &nbsp;<\/p>\n","protected":false},"featured_media":4318,"template":"","meta":{"slim_seo":{"title":"Madd\u00f6mur \u00ed Reynisholti \/ Madams in Reynisholt (40x40 cm) - KindArt","description":"Akr\u00fdl \/ bl\u00f6ndu\u00f0 t\u00e6kni \u00e1 striga, 40x40 cm Acrylic \/ mixed media on canvas, 40x40 cm (2022) &nbsp;"}},"product_brand":[],"product_cat":[67],"product_tag":[],"class_list":{"0":"post-4317","1":"product","2":"type-product","3":"status-publish","4":"has-post-thumbnail","6":"product_cat-sold","7":"product_shipping_class-midlungs","9":"first","10":"outofstock","11":"purchasable","12":"product-type-simple"},"_links":{"self":[{"href":"https:\/\/kindart.is\/en\/wp-json\/wp\/v2\/product\/4317","targetHints":{"allow":["GET"]}}],"collection":[{"href":"https:\/\/kindart.is\/en\/wp-json\/wp\/v2\/product"}],"about":[{"href":"https:\/\/kindart.is\/en\/wp-json\/wp\/v2\/types\/product"}],"wp:featuredmedia":[{"embeddable":true,"href":"https:\/\/kindart.is\/en\/wp-json\/wp\/v2\/media\/4318"}],"wp:attachment":[{"href":"https:\/\/kindart.is\/en\/wp-json\/wp\/v2\/media?parent=4317"}],"wp:term":[{"taxonomy":"product_brand","embeddable":true,"href":"https:\/\/kindart.is\/en\/wp-json\/wp\/v2\/product_brand?post=4317"},{"taxonomy":"product_cat","embeddable":true,"href":"https:\/\/kindart.is\/en\/wp-json\/wp\/v2\/product_cat?post=4317"},{"taxonomy":"product_tag","embeddable":true,"href":"https:\/\/kindart.is\/en\/wp-json\/wp\/v2\/product_tag?post=4317"}],"curies":[{"name":"wp","href":"https:\/\/api.w.org\/{rel}","templated":true}]}}