{"id":4345,"date":"2022-06-03T01:07:53","date_gmt":"2022-06-03T01:07:53","guid":{"rendered":"https:\/\/kindart.is\/?post_type=product&#038;p=4345"},"modified":"2023-09-08T17:20:23","modified_gmt":"2023-09-08T17:20:23","slug":"herra-mister-18x24-cm","status":"publish","type":"product","link":"https:\/\/kindart.is\/en\/vara\/herra-mister-18x24-cm\/","title":{"rendered":"Herra \/ Mister (18&#215;24 cm)"},"content":{"rendered":"<p>Akr\u00fdl \/ bl\u00f6ndu\u00f0 t\u00e6kni \u00e1 striga, 18&#215;24 cm<\/p>\n<p>Acrylic \/ mixed media on canvas, 18&#215;24 cm<\/p>\n<p>(2022)<\/p>\n","protected":false},"excerpt":{"rendered":"<p>Akr\u00fdl \/ bl\u00f6ndu\u00f0 t\u00e6kni \u00e1 striga, 18&#215;24 cm Acrylic \/ mixed media on canvas, 18&#215;24 cm (2022)<\/p>\n","protected":false},"featured_media":4346,"template":"","meta":{"slim_seo":{"title":"Herra \/ Mister (18x24 cm) - KindArt","description":"Akr\u00fdl \/ bl\u00f6ndu\u00f0 t\u00e6kni \u00e1 striga, 18x24 cm Acrylic \/ mixed media on canvas, 18x24 cm (2022)"}},"product_brand":[],"product_cat":[56],"product_tag":[],"class_list":{"0":"post-4345","1":"product","2":"type-product","3":"status-publish","4":"has-post-thumbnail","6":"product_cat-listaverk","7":"product_shipping_class-litill","9":"first","10":"instock","11":"purchasable","12":"product-type-simple"},"_links":{"self":[{"href":"https:\/\/kindart.is\/en\/wp-json\/wp\/v2\/product\/4345","targetHints":{"allow":["GET"]}}],"collection":[{"href":"https:\/\/kindart.is\/en\/wp-json\/wp\/v2\/product"}],"about":[{"href":"https:\/\/kindart.is\/en\/wp-json\/wp\/v2\/types\/product"}],"wp:featuredmedia":[{"embeddable":true,"href":"https:\/\/kindart.is\/en\/wp-json\/wp\/v2\/media\/4346"}],"wp:attachment":[{"href":"https:\/\/kindart.is\/en\/wp-json\/wp\/v2\/media?parent=4345"}],"wp:term":[{"taxonomy":"product_brand","embeddable":true,"href":"https:\/\/kindart.is\/en\/wp-json\/wp\/v2\/product_brand?post=4345"},{"taxonomy":"product_cat","embeddable":true,"href":"https:\/\/kindart.is\/en\/wp-json\/wp\/v2\/product_cat?post=4345"},{"taxonomy":"product_tag","embeddable":true,"href":"https:\/\/kindart.is\/en\/wp-json\/wp\/v2\/product_tag?post=4345"}],"curies":[{"name":"wp","href":"https:\/\/api.w.org\/{rel}","templated":true}]}}