{"id":4365,"date":"2022-06-03T01:20:31","date_gmt":"2022-06-03T01:20:31","guid":{"rendered":"https:\/\/kindart.is\/?post_type=product&#038;p=4365"},"modified":"2022-10-03T14:30:46","modified_gmt":"2022-10-03T14:30:46","slug":"dottir-daughter-15x15-cm","status":"publish","type":"product","link":"https:\/\/kindart.is\/en\/vara\/dottir-daughter-15x15-cm\/","title":{"rendered":"D\u00f3ttir \/ Daughter (15&#215;15 cm)"},"content":{"rendered":"<p>Akr\u00fdl \/ bl\u00f6ndu\u00f0 t\u00e6kni \u00e1 striga, 15&#215;15 cm<\/p>\n<p>Acrylic \/ mixed media on canvas, 15&#215;15 cm<\/p>\n<p>(2022)<\/p>\n","protected":false},"excerpt":{"rendered":"<p>Akr\u00fdl \/ bl\u00f6ndu\u00f0 t\u00e6kni \u00e1 striga, 15&#215;15 cm Acrylic \/ mixed media on canvas, 15&#215;15 cm (2022)<\/p>\n","protected":false},"featured_media":4366,"template":"","meta":{"slim_seo":{"title":"D\u00f3ttir \/ Daughter (15x15 cm) - KindArt","description":"Akr\u00fdl \/ bl\u00f6ndu\u00f0 t\u00e6kni \u00e1 striga, 15x15 cm Acrylic \/ mixed media on canvas, 15x15 cm (2022)"}},"product_brand":[],"product_cat":[67],"product_tag":[],"class_list":{"0":"post-4365","1":"product","2":"type-product","3":"status-publish","4":"has-post-thumbnail","6":"product_cat-sold","7":"product_shipping_class-litill","9":"first","10":"outofstock","11":"taxable","12":"shipping-taxable","13":"purchasable","14":"product-type-simple"},"_links":{"self":[{"href":"https:\/\/kindart.is\/en\/wp-json\/wp\/v2\/product\/4365","targetHints":{"allow":["GET"]}}],"collection":[{"href":"https:\/\/kindart.is\/en\/wp-json\/wp\/v2\/product"}],"about":[{"href":"https:\/\/kindart.is\/en\/wp-json\/wp\/v2\/types\/product"}],"wp:featuredmedia":[{"embeddable":true,"href":"https:\/\/kindart.is\/en\/wp-json\/wp\/v2\/media\/4366"}],"wp:attachment":[{"href":"https:\/\/kindart.is\/en\/wp-json\/wp\/v2\/media?parent=4365"}],"wp:term":[{"taxonomy":"product_brand","embeddable":true,"href":"https:\/\/kindart.is\/en\/wp-json\/wp\/v2\/product_brand?post=4365"},{"taxonomy":"product_cat","embeddable":true,"href":"https:\/\/kindart.is\/en\/wp-json\/wp\/v2\/product_cat?post=4365"},{"taxonomy":"product_tag","embeddable":true,"href":"https:\/\/kindart.is\/en\/wp-json\/wp\/v2\/product_tag?post=4365"}],"curies":[{"name":"wp","href":"https:\/\/api.w.org\/{rel}","templated":true}]}}