{"id":4391,"date":"2022-06-14T15:19:45","date_gmt":"2022-06-14T15:20:37","guid":{"rendered":"https:\/\/kindart.is\/product\/shepherd-boys-childhood-memories\/"},"modified":"2022-06-14T15:20:37","modified_gmt":"2022-06-14T15:20:37","slug":"aeskuminningar-smaladreng","status":"publish","type":"product","link":"https:\/\/kindart.is\/en\/vara\/aeskuminningar-smaladreng\/","title":{"rendered":"Shepherd boy&#8217;s childhood memories"},"content":{"rendered":"<p><strong>Shepherd boy<\/strong> &#8216;s childhood memories by the publisher \u00c1rni \u00d3lafsson. At the top of the title page is S\u00f6gusafn heimilanna, which was a book publishing house that \u00c1rni originally directed and was known for publishing books about Basil the Prince, which were very popular around 1940. One of the things that was very mysterious for those stories was who was their author and many were nominated such as Kristmann Gu\u00f0mundsson, Ragnar \u00ed Sm\u00e1ri and some thought that \u00c1rni \u00d3lafsson had written some of them. The author of Basil&#8217;s Prince is still unknown, but \u00c6skuminningar smaladrengur is by the book publisher \u00c1rni \u00d3lafsson. The book is small, bound in a school band, shirting on the keel and cladding with a printed picture of \u00c1rni. Size: 13.8 X 11 cm. 48 p.<\/p>\n<p><strong>Publishing and printing<\/strong> :<br \/>\nPublisher: \u00c1rni \u00d3lafsson Reykjav\u00edk 1937. J\u00f3n Helgason&#8217;s printing works.<\/p>\n","protected":false},"excerpt":{"rendered":"<p>Shepherd boy &#8216;s childhood memories by the publisher \u00c1rni \u00d3lafsson. At the top of the title page is S\u00f6gusafn heimilanna, which was a book publishing house that \u00c1rni originally directed and was known for publishing books about Basil the Prince, which were very popular around 1940. One of the things that was very mysterious for [&hellip;]<\/p>\n","protected":false},"featured_media":4387,"template":"","meta":{"slim_seo":{"title":"Shepherd boy's childhood memories - KindArt","description":"Shepherd boy 's childhood memories by the publisher \u00c1rni \u00d3lafsson. At the top of the title page is S\u00f6gusafn heimilanna, which was a book publishing house that \u00c1"}},"product_brand":[],"product_cat":[83],"product_tag":[],"class_list":{"0":"post-4391","1":"product","2":"type-product","3":"status-publish","4":"has-post-thumbnail","6":"product_cat-books","7":"product_shipping_class-small-en","9":"first","10":"instock","11":"sold-individually","12":"purchasable","13":"product-type-simple"},"_links":{"self":[{"href":"https:\/\/kindart.is\/en\/wp-json\/wp\/v2\/product\/4391","targetHints":{"allow":["GET"]}}],"collection":[{"href":"https:\/\/kindart.is\/en\/wp-json\/wp\/v2\/product"}],"about":[{"href":"https:\/\/kindart.is\/en\/wp-json\/wp\/v2\/types\/product"}],"wp:featuredmedia":[{"embeddable":true,"href":"https:\/\/kindart.is\/en\/wp-json\/wp\/v2\/media\/4387"}],"wp:attachment":[{"href":"https:\/\/kindart.is\/en\/wp-json\/wp\/v2\/media?parent=4391"}],"wp:term":[{"taxonomy":"product_brand","embeddable":true,"href":"https:\/\/kindart.is\/en\/wp-json\/wp\/v2\/product_brand?post=4391"},{"taxonomy":"product_cat","embeddable":true,"href":"https:\/\/kindart.is\/en\/wp-json\/wp\/v2\/product_cat?post=4391"},{"taxonomy":"product_tag","embeddable":true,"href":"https:\/\/kindart.is\/en\/wp-json\/wp\/v2\/product_tag?post=4391"}],"curies":[{"name":"wp","href":"https:\/\/api.w.org\/{rel}","templated":true}]}}