{"id":4408,"date":"2022-06-14T15:30:52","date_gmt":"2022-06-14T15:31:49","guid":{"rendered":"https:\/\/kindart.is\/product\/the-ban-in-the-parliament\/"},"modified":"2022-06-14T15:31:49","modified_gmt":"2022-06-14T15:31:49","slug":"bannmalid-i-thinginu-2","status":"publish","type":"product","link":"https:\/\/kindart.is\/en\/vara\/bannmalid-i-thinginu-2\/","title":{"rendered":"The ban in the parliament"},"content":{"rendered":"<p><strong>The ban in the parliament<\/strong> . &#8211; Special print from &#8220;The Capital&#8221;. &#8211; Handmade quartz in light brown rexin on keel and corner, covered with cardboard paper, golden. Size: 16.5 X 11.5 cm. 92 p.<\/p>\n<p><strong>Publishing and printing<\/strong> :<br \/>\nReykjav\u00edk 1917. Prentsmi\u00f0ja \u00de. Th. Clementz.<\/p>\n","protected":false},"excerpt":{"rendered":"<p>The ban in the parliament . &#8211; Special print from &#8220;The Capital&#8221;. &#8211; Handmade quartz in light brown rexin on keel and corner, covered with cardboard paper, golden. Size: 16.5 X 11.5 cm. 92 p. Publishing and printing : Reykjav\u00edk 1917. Prentsmi\u00f0ja \u00de. Th. Clementz.<\/p>\n","protected":false},"featured_media":4404,"template":"","meta":{"slim_seo":{"title":"The ban in the parliament - KindArt","description":"The ban in the parliament . - Special print from \"The Capital\". - Handmade quartz in light brown rexin on keel and corner, covered with cardboard paper, golden."}},"product_brand":[],"product_cat":[83],"product_tag":[],"class_list":{"0":"post-4408","1":"product","2":"type-product","3":"status-publish","4":"has-post-thumbnail","6":"product_cat-books","7":"product_shipping_class-small-en","9":"first","10":"instock","11":"sold-individually","12":"purchasable","13":"product-type-simple"},"_links":{"self":[{"href":"https:\/\/kindart.is\/en\/wp-json\/wp\/v2\/product\/4408","targetHints":{"allow":["GET"]}}],"collection":[{"href":"https:\/\/kindart.is\/en\/wp-json\/wp\/v2\/product"}],"about":[{"href":"https:\/\/kindart.is\/en\/wp-json\/wp\/v2\/types\/product"}],"wp:featuredmedia":[{"embeddable":true,"href":"https:\/\/kindart.is\/en\/wp-json\/wp\/v2\/media\/4404"}],"wp:attachment":[{"href":"https:\/\/kindart.is\/en\/wp-json\/wp\/v2\/media?parent=4408"}],"wp:term":[{"taxonomy":"product_brand","embeddable":true,"href":"https:\/\/kindart.is\/en\/wp-json\/wp\/v2\/product_brand?post=4408"},{"taxonomy":"product_cat","embeddable":true,"href":"https:\/\/kindart.is\/en\/wp-json\/wp\/v2\/product_cat?post=4408"},{"taxonomy":"product_tag","embeddable":true,"href":"https:\/\/kindart.is\/en\/wp-json\/wp\/v2\/product_tag?post=4408"}],"curies":[{"name":"wp","href":"https:\/\/api.w.org\/{rel}","templated":true}]}}