{"id":4423,"date":"2022-06-14T15:41:54","date_gmt":"2022-06-14T15:42:50","guid":{"rendered":"https:\/\/kindart.is\/product\/ghost-story-from-the-east-town\/"},"modified":"2022-06-14T15:42:50","modified_gmt":"2022-06-14T15:42:50","slug":"ghost-story-ur-austurbaenum","status":"publish","type":"product","link":"https:\/\/kindart.is\/en\/vara\/ghost-story-ur-austurbaenum\/","title":{"rendered":"Ghost story from the East Town"},"content":{"rendered":"<p><strong>Ghost story from the East Town<\/strong> . Wired staple in coat. Size: 13.7 X 10.3 cm. 12 p.<\/p>\n<p><strong>Publishing and printing<\/strong> :<br \/>\nCost person: BS J\u00f3nsson. Reykjav\u00edk[1936] . Prentsmi\u00f0jan \u00e1 Bergsta\u00f0astr\u00e6ti 19.<\/p>\n","protected":false},"excerpt":{"rendered":"<p>Ghost story from the East Town . Wired staple in coat. Size: 13.7 X 10.3 cm. 12 p. Publishing and printing : Cost person: BS J\u00f3nsson. Reykjav\u00edk[1936] . Prentsmi\u00f0jan \u00e1 Bergsta\u00f0astr\u00e6ti 19.<\/p>\n","protected":false},"featured_media":4420,"template":"","meta":{"slim_seo":{"title":"Ghost story from the East Town - KindArt","description":"Ghost story from the East Town . Wired staple in coat. Size: 13.7 X 10.3 cm. 12 p. Publishing and printing : Cost person: BS J\u00f3nsson. Reykjav\u00edk[1936] . Prentsmi"}},"product_brand":[],"product_cat":[83],"product_tag":[],"class_list":{"0":"post-4423","1":"product","2":"type-product","3":"status-publish","4":"has-post-thumbnail","6":"product_cat-books","7":"product_shipping_class-small-en","9":"first","10":"instock","11":"sold-individually","12":"purchasable","13":"product-type-simple"},"_links":{"self":[{"href":"https:\/\/kindart.is\/en\/wp-json\/wp\/v2\/product\/4423","targetHints":{"allow":["GET"]}}],"collection":[{"href":"https:\/\/kindart.is\/en\/wp-json\/wp\/v2\/product"}],"about":[{"href":"https:\/\/kindart.is\/en\/wp-json\/wp\/v2\/types\/product"}],"wp:featuredmedia":[{"embeddable":true,"href":"https:\/\/kindart.is\/en\/wp-json\/wp\/v2\/media\/4420"}],"wp:attachment":[{"href":"https:\/\/kindart.is\/en\/wp-json\/wp\/v2\/media?parent=4423"}],"wp:term":[{"taxonomy":"product_brand","embeddable":true,"href":"https:\/\/kindart.is\/en\/wp-json\/wp\/v2\/product_brand?post=4423"},{"taxonomy":"product_cat","embeddable":true,"href":"https:\/\/kindart.is\/en\/wp-json\/wp\/v2\/product_cat?post=4423"},{"taxonomy":"product_tag","embeddable":true,"href":"https:\/\/kindart.is\/en\/wp-json\/wp\/v2\/product_tag?post=4423"}],"curies":[{"name":"wp","href":"https:\/\/api.w.org\/{rel}","templated":true}]}}