{"id":4437,"date":"2022-06-14T15:54:41","date_gmt":"2022-06-14T15:55:35","guid":{"rendered":"https:\/\/kindart.is\/product\/two-stories-by-reykjavik\/"},"modified":"2022-06-14T15:55:35","modified_gmt":"2022-06-14T15:55:35","slug":"tvaer-sogur-efter-reykviking","status":"publish","type":"product","link":"https:\/\/kindart.is\/en\/vara\/tvaer-sogur-efter-reykviking\/","title":{"rendered":"Two stories by Reykjav\u00edk"},"content":{"rendered":"<p><strong>Two stories by Reykjav\u00edk<\/strong> : The lady or the maid? An episode from Reykjav\u00edk&#8217;s marriage story. Based on a true event and The Farmer&#8217;s Adventure. Small piece, wire stapled in a dark gray cardboard cover, 14 X 11.3 cm in size and 32 pages.<br \/>\nThis publication and other small ones were advertised on the inside of the cover of Draugasaga of the same size and they were all for sale in the print shop at Bergsta\u00f0astr\u00e6ti 19.<\/p>\n<p><strong>Publishing and printing<\/strong> :<br \/>\nPublisher not mentioned. Reykjav\u00edk 1936. Prentsmi\u00f0jan \u00e1 Bergsta\u00f0astr\u00e6ti 19.<\/p>\n","protected":false},"excerpt":{"rendered":"<p>Two stories by Reykjav\u00edk : The lady or the maid? An episode from Reykjav\u00edk&#8217;s marriage story. Based on a true event and The Farmer&#8217;s Adventure. Small piece, wire stapled in a dark gray cardboard cover, 14 X 11.3 cm in size and 32 pages. This publication and other small ones were advertised on the inside [&hellip;]<\/p>\n","protected":false},"featured_media":4435,"template":"","meta":{"slim_seo":{"title":"Two stories by Reykjav\u00edk - KindArt","description":"Two stories by Reykjav\u00edk : The lady or the maid? An episode from Reykjav\u00edk's marriage story. Based on a true event and The Farmer's Adventure. Small piece, wire"}},"product_brand":[],"product_cat":[83],"product_tag":[],"class_list":{"0":"post-4437","1":"product","2":"type-product","3":"status-publish","4":"has-post-thumbnail","6":"product_cat-books","7":"product_shipping_class-small-en","9":"first","10":"instock","11":"sold-individually","12":"purchasable","13":"product-type-simple"},"_links":{"self":[{"href":"https:\/\/kindart.is\/en\/wp-json\/wp\/v2\/product\/4437","targetHints":{"allow":["GET"]}}],"collection":[{"href":"https:\/\/kindart.is\/en\/wp-json\/wp\/v2\/product"}],"about":[{"href":"https:\/\/kindart.is\/en\/wp-json\/wp\/v2\/types\/product"}],"wp:featuredmedia":[{"embeddable":true,"href":"https:\/\/kindart.is\/en\/wp-json\/wp\/v2\/media\/4435"}],"wp:attachment":[{"href":"https:\/\/kindart.is\/en\/wp-json\/wp\/v2\/media?parent=4437"}],"wp:term":[{"taxonomy":"product_brand","embeddable":true,"href":"https:\/\/kindart.is\/en\/wp-json\/wp\/v2\/product_brand?post=4437"},{"taxonomy":"product_cat","embeddable":true,"href":"https:\/\/kindart.is\/en\/wp-json\/wp\/v2\/product_cat?post=4437"},{"taxonomy":"product_tag","embeddable":true,"href":"https:\/\/kindart.is\/en\/wp-json\/wp\/v2\/product_tag?post=4437"}],"curies":[{"name":"wp","href":"https:\/\/api.w.org\/{rel}","templated":true}]}}