{"id":4446,"date":"2022-06-14T16:00:22","date_gmt":"2022-06-14T16:01:14","guid":{"rendered":"https:\/\/kindart.is\/product\/the-bird-friend\/"},"modified":"2022-06-14T16:01:14","modified_gmt":"2022-06-14T16:01:14","slug":"the-bird-friend","status":"publish","type":"product","link":"https:\/\/kindart.is\/en\/vara\/the-bird-friend\/","title":{"rendered":"The bird friend"},"content":{"rendered":"<p><strong>The Bird Friend<\/strong> by GE Poems and Adventures. This publication is 1 ark, incl. e. 16 p. and cover. Wire staples. 17.5 X 11 cm in size. Seven advertisements from companies are printed on the cover and B\u00f3kbandsstofa \u00c1rs\u00e6l \u00c1rnason gets space on the front cover.<\/p>\n<p><strong>Publishing and printing<\/strong> :<br \/>\nPublisher: Gu\u00f0geir J\u00f3nsson. Reykjav\u00edk 1916. The Gutenberg printing works.<\/p>\n","protected":false},"excerpt":{"rendered":"<p>The Bird Friend by GE Poems and Adventures. This publication is 1 ark, incl. e. 16 p. and cover. Wire staples. 17.5 X 11 cm in size. Seven advertisements from companies are printed on the cover and B\u00f3kbandsstofa \u00c1rs\u00e6l \u00c1rnason gets space on the front cover. Publishing and printing : Publisher: Gu\u00f0geir J\u00f3nsson. Reykjav\u00edk 1916. [&hellip;]<\/p>\n","protected":false},"featured_media":4441,"template":"","meta":{"slim_seo":{"title":"The bird friend - KindArt","description":"The Bird Friend by GE Poems and Adventures. This publication is 1 ark, incl. e. 16 p. and cover. Wire staples. 17.5 X 11 cm in size. Seven advertisements from c"}},"product_brand":[],"product_cat":[83],"product_tag":[],"class_list":{"0":"post-4446","1":"product","2":"type-product","3":"status-publish","4":"has-post-thumbnail","6":"product_cat-books","7":"product_shipping_class-small-en","9":"first","10":"outofstock","11":"sold-individually","12":"purchasable","13":"product-type-simple"},"_links":{"self":[{"href":"https:\/\/kindart.is\/en\/wp-json\/wp\/v2\/product\/4446","targetHints":{"allow":["GET"]}}],"collection":[{"href":"https:\/\/kindart.is\/en\/wp-json\/wp\/v2\/product"}],"about":[{"href":"https:\/\/kindart.is\/en\/wp-json\/wp\/v2\/types\/product"}],"wp:featuredmedia":[{"embeddable":true,"href":"https:\/\/kindart.is\/en\/wp-json\/wp\/v2\/media\/4441"}],"wp:attachment":[{"href":"https:\/\/kindart.is\/en\/wp-json\/wp\/v2\/media?parent=4446"}],"wp:term":[{"taxonomy":"product_brand","embeddable":true,"href":"https:\/\/kindart.is\/en\/wp-json\/wp\/v2\/product_brand?post=4446"},{"taxonomy":"product_cat","embeddable":true,"href":"https:\/\/kindart.is\/en\/wp-json\/wp\/v2\/product_cat?post=4446"},{"taxonomy":"product_tag","embeddable":true,"href":"https:\/\/kindart.is\/en\/wp-json\/wp\/v2\/product_tag?post=4446"}],"curies":[{"name":"wp","href":"https:\/\/api.w.org\/{rel}","templated":true}]}}