{"id":4454,"date":"2022-06-14T16:08:29","date_gmt":"2022-06-14T16:10:31","guid":{"rendered":"https:\/\/kindart.is\/product\/the-golden-age-of-icelanders\/"},"modified":"2022-06-14T16:10:31","modified_gmt":"2022-06-14T16:10:31","slug":"gullold-icelanders","status":"publish","type":"product","link":"https:\/\/kindart.is\/en\/vara\/gullold-icelanders\/","title":{"rendered":"The golden age of Icelanders"},"content":{"rendered":"<p><strong>The Golden Age of Icelanders<\/strong> by the historian J\u00f3n J\u00f3nsson. The culture and way of life of our fathers in the Age of History. Folk lectures with pictures. The book is 18.8 X 12.8 cm. and 458 p. to size. It is hand-sewn and tied in \u00cdsafold in a shirting band, but the tie is probably made abroad and gilded there and printed. A good band that has worked well for 116 years, a little snowy but still not seen much in the book. Antiques.<\/p>\n<p><strong>Publishing and printing<\/strong> :<br \/>\nHost: Sigur\u00f0ur Kristj\u00e1nsson. Reykjav\u00edk 1906. \u00cdsafold Printing Workshop.<\/p>\n","protected":false},"excerpt":{"rendered":"<p>The Golden Age of Icelanders by the historian J\u00f3n J\u00f3nsson. The culture and way of life of our fathers in the Age of History. Folk lectures with pictures. The book is 18.8 X 12.8 cm. and 458 p. to size. It is hand-sewn and tied in \u00cdsafold in a shirting band, but the tie is [&hellip;]<\/p>\n","protected":false},"featured_media":4450,"template":"","meta":{"slim_seo":{"title":"The golden age of Icelanders - KindArt","description":"The Golden Age of Icelanders by the historian J\u00f3n J\u00f3nsson. The culture and way of life of our fathers in the Age of History. Folk lectures with pictures. The bo"}},"product_brand":[],"product_cat":[83],"product_tag":[],"class_list":{"0":"post-4454","1":"product","2":"type-product","3":"status-publish","4":"has-post-thumbnail","6":"product_cat-books","7":"product_shipping_class-small-en","9":"first","10":"outofstock","11":"sold-individually","12":"purchasable","13":"product-type-simple"},"_links":{"self":[{"href":"https:\/\/kindart.is\/en\/wp-json\/wp\/v2\/product\/4454","targetHints":{"allow":["GET"]}}],"collection":[{"href":"https:\/\/kindart.is\/en\/wp-json\/wp\/v2\/product"}],"about":[{"href":"https:\/\/kindart.is\/en\/wp-json\/wp\/v2\/types\/product"}],"wp:featuredmedia":[{"embeddable":true,"href":"https:\/\/kindart.is\/en\/wp-json\/wp\/v2\/media\/4450"}],"wp:attachment":[{"href":"https:\/\/kindart.is\/en\/wp-json\/wp\/v2\/media?parent=4454"}],"wp:term":[{"taxonomy":"product_brand","embeddable":true,"href":"https:\/\/kindart.is\/en\/wp-json\/wp\/v2\/product_brand?post=4454"},{"taxonomy":"product_cat","embeddable":true,"href":"https:\/\/kindart.is\/en\/wp-json\/wp\/v2\/product_cat?post=4454"},{"taxonomy":"product_tag","embeddable":true,"href":"https:\/\/kindart.is\/en\/wp-json\/wp\/v2\/product_tag?post=4454"}],"curies":[{"name":"wp","href":"https:\/\/api.w.org\/{rel}","templated":true}]}}