{"id":4464,"date":"2022-06-14T16:16:31","date_gmt":"2022-06-14T16:18:18","guid":{"rendered":"https:\/\/kindart.is\/product\/autumn-long\/"},"modified":"2022-06-14T16:18:18","modified_gmt":"2022-06-14T16:18:18","slug":"haustlong-2","status":"publish","type":"product","link":"https:\/\/kindart.is\/en\/vara\/haustlong-2\/","title":{"rendered":"Autumn long"},"content":{"rendered":"<p><strong>Autumn long<\/strong> . 120 round hands by Gu\u00f0mundur Fri\u00f0j\u00f3nsson. The author says in the preface that he sent this complaint to the Icelandic people for amusement and also that the material and finishing on his part &#8220;stands and falls to his lord&#8221;. The poem is 32 pages. 17 X 11 cm in size and tied in a shirting on the keel and cladding in style. Faecal leaves very decorative but the band as a whole very neatly worked.<\/p>\n<p><strong>Publishing and printing<\/strong> :<br \/>\nPublisher not mentioned. Reykjav\u00edk 1915. F\u00e9lagsprentsmi\u00f0jan.<\/p>\n","protected":false},"excerpt":{"rendered":"<p>Autumn long . 120 round hands by Gu\u00f0mundur Fri\u00f0j\u00f3nsson. The author says in the preface that he sent this complaint to the Icelandic people for amusement and also that the material and finishing on his part &#8220;stands and falls to his lord&#8221;. The poem is 32 pages. 17 X 11 cm in size and tied [&hellip;]<\/p>\n","protected":false},"featured_media":4458,"template":"","meta":{"slim_seo":{"title":"Autumn long - KindArt","description":"Autumn long . 120 round hands by Gu\u00f0mundur Fri\u00f0j\u00f3nsson. The author says in the preface that he sent this complaint to the Icelandic people for amusement and als"}},"product_brand":[],"product_cat":[83],"product_tag":[],"class_list":{"0":"post-4464","1":"product","2":"type-product","3":"status-publish","4":"has-post-thumbnail","6":"product_cat-books","7":"product_shipping_class-small-en","9":"first","10":"outofstock","11":"sold-individually","12":"purchasable","13":"product-type-simple"},"_links":{"self":[{"href":"https:\/\/kindart.is\/en\/wp-json\/wp\/v2\/product\/4464","targetHints":{"allow":["GET"]}}],"collection":[{"href":"https:\/\/kindart.is\/en\/wp-json\/wp\/v2\/product"}],"about":[{"href":"https:\/\/kindart.is\/en\/wp-json\/wp\/v2\/types\/product"}],"wp:featuredmedia":[{"embeddable":true,"href":"https:\/\/kindart.is\/en\/wp-json\/wp\/v2\/media\/4458"}],"wp:attachment":[{"href":"https:\/\/kindart.is\/en\/wp-json\/wp\/v2\/media?parent=4464"}],"wp:term":[{"taxonomy":"product_brand","embeddable":true,"href":"https:\/\/kindart.is\/en\/wp-json\/wp\/v2\/product_brand?post=4464"},{"taxonomy":"product_cat","embeddable":true,"href":"https:\/\/kindart.is\/en\/wp-json\/wp\/v2\/product_cat?post=4464"},{"taxonomy":"product_tag","embeddable":true,"href":"https:\/\/kindart.is\/en\/wp-json\/wp\/v2\/product_tag?post=4464"}],"curies":[{"name":"wp","href":"https:\/\/api.w.org\/{rel}","templated":true}]}}