{"id":4473,"date":"2022-06-14T16:23:00","date_gmt":"2022-06-14T16:28:47","guid":{"rendered":"https:\/\/kindart.is\/product\/hellismenn\/"},"modified":"2022-06-14T16:28:47","modified_gmt":"2022-06-14T16:28:47","slug":"cavemen","status":"publish","type":"product","link":"https:\/\/kindart.is\/en\/vara\/cavemen\/","title":{"rendered":"Hellismenn"},"content":{"rendered":"<p><strong>Hellismenn<\/strong> . A five-act play by Indri\u00f0a Einarsson. The book is hand-embroidered and bound and placed in a red all-hearted volume that is probably made abroad. Ornamental gold on the front of the volume and gold on the keel. The book is 158 pages, 16.5 X 10.8 cm. 125 year old antique.<\/p>\n<p><strong>Publishing and printing<\/strong> :<br \/>\nHost: Sigur\u00f0ur Kristj\u00e1nsson. Reykjav\u00edk 1897. Printing Workshop Programs.<\/p>\n","protected":false},"excerpt":{"rendered":"<p>Hellismenn . A five-act play by Indri\u00f0a Einarsson. The book is hand-embroidered and bound and placed in a red all-hearted volume that is probably made abroad. Ornamental gold on the front of the volume and gold on the keel. The book is 158 pages, 16.5 X 10.8 cm. 125 year old antique. Publishing and printing [&hellip;]<\/p>\n","protected":false},"featured_media":4468,"template":"","meta":{"slim_seo":{"title":"Hellismenn - KindArt","description":"Hellismenn . A five-act play by Indri\u00f0a Einarsson. The book is hand-embroidered and bound and placed in a red all-hearted volume that is probably made abroad. O"}},"product_brand":[],"product_cat":[83],"product_tag":[],"class_list":{"0":"post-4473","1":"product","2":"type-product","3":"status-publish","4":"has-post-thumbnail","6":"product_cat-books","7":"product_shipping_class-small-en","9":"first","10":"instock","11":"sold-individually","12":"purchasable","13":"product-type-simple"},"_links":{"self":[{"href":"https:\/\/kindart.is\/en\/wp-json\/wp\/v2\/product\/4473","targetHints":{"allow":["GET"]}}],"collection":[{"href":"https:\/\/kindart.is\/en\/wp-json\/wp\/v2\/product"}],"about":[{"href":"https:\/\/kindart.is\/en\/wp-json\/wp\/v2\/types\/product"}],"wp:featuredmedia":[{"embeddable":true,"href":"https:\/\/kindart.is\/en\/wp-json\/wp\/v2\/media\/4468"}],"wp:attachment":[{"href":"https:\/\/kindart.is\/en\/wp-json\/wp\/v2\/media?parent=4473"}],"wp:term":[{"taxonomy":"product_brand","embeddable":true,"href":"https:\/\/kindart.is\/en\/wp-json\/wp\/v2\/product_brand?post=4473"},{"taxonomy":"product_cat","embeddable":true,"href":"https:\/\/kindart.is\/en\/wp-json\/wp\/v2\/product_cat?post=4473"},{"taxonomy":"product_tag","embeddable":true,"href":"https:\/\/kindart.is\/en\/wp-json\/wp\/v2\/product_tag?post=4473"}],"curies":[{"name":"wp","href":"https:\/\/api.w.org\/{rel}","templated":true}]}}