{"id":4488,"date":"2022-06-14T16:41:20","date_gmt":"2022-06-14T16:45:20","guid":{"rendered":"https:\/\/kindart.is\/product\/hugsiminn\/"},"modified":"2022-06-14T16:45:20","modified_gmt":"2022-06-14T16:45:20","slug":"the-thinker","status":"publish","type":"product","link":"https:\/\/kindart.is\/en\/vara\/the-thinker\/","title":{"rendered":"Hugs\u00edminn"},"content":{"rendered":"<p><strong>The Think Tank<\/strong> by Fox Russel. Wired peg 12.5 X 8.2 cm in cardboard cover 28 pages + 4 pages. advertising. On the back of the cover are 4 verse helmets, the first by \u00deorstein Erlingsson:<br \/>\nBravo Iceland, there it came. You&#8217;ve got a pointer.<\/p>\n<p><strong>Publishing and printing<\/strong> :<br \/>\nVersion of V\u00edsir. Reykjav\u00edk 1911. David \u00d6stlund Printing House.<\/p>\n","protected":false},"excerpt":{"rendered":"<p>The Think Tank by Fox Russel. Wired peg 12.5 X 8.2 cm in cardboard cover 28 pages + 4 pages. advertising. On the back of the cover are 4 verse helmets, the first by \u00deorstein Erlingsson: Bravo Iceland, there it came. You&#8217;ve got a pointer. Publishing and printing : Version of V\u00edsir. Reykjav\u00edk 1911. David [&hellip;]<\/p>\n","protected":false},"featured_media":4484,"template":"","meta":{"slim_seo":{"title":"Hugs\u00edminn - KindArt","description":"The Think Tank by Fox Russel. Wired peg 12.5 X 8.2 cm in cardboard cover 28 pages + 4 pages. advertising. On the back of the cover are 4 verse helmets, the firs"}},"product_brand":[],"product_cat":[83],"product_tag":[],"class_list":{"0":"post-4488","1":"product","2":"type-product","3":"status-publish","4":"has-post-thumbnail","6":"product_cat-books","7":"product_shipping_class-small-en","9":"first","10":"instock","11":"sold-individually","12":"purchasable","13":"product-type-simple"},"_links":{"self":[{"href":"https:\/\/kindart.is\/en\/wp-json\/wp\/v2\/product\/4488","targetHints":{"allow":["GET"]}}],"collection":[{"href":"https:\/\/kindart.is\/en\/wp-json\/wp\/v2\/product"}],"about":[{"href":"https:\/\/kindart.is\/en\/wp-json\/wp\/v2\/types\/product"}],"wp:featuredmedia":[{"embeddable":true,"href":"https:\/\/kindart.is\/en\/wp-json\/wp\/v2\/media\/4484"}],"wp:attachment":[{"href":"https:\/\/kindart.is\/en\/wp-json\/wp\/v2\/media?parent=4488"}],"wp:term":[{"taxonomy":"product_brand","embeddable":true,"href":"https:\/\/kindart.is\/en\/wp-json\/wp\/v2\/product_brand?post=4488"},{"taxonomy":"product_cat","embeddable":true,"href":"https:\/\/kindart.is\/en\/wp-json\/wp\/v2\/product_cat?post=4488"},{"taxonomy":"product_tag","embeddable":true,"href":"https:\/\/kindart.is\/en\/wp-json\/wp\/v2\/product_tag?post=4488"}],"curies":[{"name":"wp","href":"https:\/\/api.w.org\/{rel}","templated":true}]}}