{"id":4495,"date":"2022-06-14T16:46:51","date_gmt":"2022-06-14T16:47:51","guid":{"rendered":"https:\/\/kindart.is\/product\/icelandic-ethnography\/"},"modified":"2022-06-14T16:47:51","modified_gmt":"2022-06-14T16:47:51","slug":"islensk-thjodfraedi-2","status":"publish","type":"product","link":"https:\/\/kindart.is\/en\/vara\/islensk-thjodfraedi-2\/","title":{"rendered":"Icelandic ethnography"},"content":{"rendered":"<p><strong>Icelandic ethnography<\/strong> by Vilhj\u00e1lm \u00de. G\u00edslason. This essay is published in Lesb\u00f3k L\u00f6grjetta. The book is 19 X 13.5 cm, 160 pages. sewn together and placed in a red cardboard cover.<\/p>\n<p><strong>Publishing and printing<\/strong> :<br \/>\nPublisher: \u00deorsteinn G\u00edslason. Reykjav\u00edk 1924.<\/p>\n","protected":false},"excerpt":{"rendered":"<p>Icelandic ethnography by Vilhj\u00e1lm \u00de. G\u00edslason. This essay is published in Lesb\u00f3k L\u00f6grjetta. The book is 19 X 13.5 cm, 160 pages. sewn together and placed in a red cardboard cover. Publishing and printing : Publisher: \u00deorsteinn G\u00edslason. Reykjav\u00edk 1924.<\/p>\n","protected":false},"featured_media":4490,"template":"","meta":{"slim_seo":{"title":"Icelandic ethnography - KindArt","description":"Icelandic ethnography by Vilhj\u00e1lm \u00de. G\u00edslason. This essay is published in Lesb\u00f3k L\u00f6grjetta. The book is 19 X 13.5 cm, 160 pages. sewn together and placed in a r"}},"product_brand":[],"product_cat":[83],"product_tag":[],"class_list":{"0":"post-4495","1":"product","2":"type-product","3":"status-publish","4":"has-post-thumbnail","6":"product_cat-books","7":"product_shipping_class-small-en","9":"first","10":"outofstock","11":"sold-individually","12":"purchasable","13":"product-type-simple"},"_links":{"self":[{"href":"https:\/\/kindart.is\/en\/wp-json\/wp\/v2\/product\/4495","targetHints":{"allow":["GET"]}}],"collection":[{"href":"https:\/\/kindart.is\/en\/wp-json\/wp\/v2\/product"}],"about":[{"href":"https:\/\/kindart.is\/en\/wp-json\/wp\/v2\/types\/product"}],"wp:featuredmedia":[{"embeddable":true,"href":"https:\/\/kindart.is\/en\/wp-json\/wp\/v2\/media\/4490"}],"wp:attachment":[{"href":"https:\/\/kindart.is\/en\/wp-json\/wp\/v2\/media?parent=4495"}],"wp:term":[{"taxonomy":"product_brand","embeddable":true,"href":"https:\/\/kindart.is\/en\/wp-json\/wp\/v2\/product_brand?post=4495"},{"taxonomy":"product_cat","embeddable":true,"href":"https:\/\/kindart.is\/en\/wp-json\/wp\/v2\/product_cat?post=4495"},{"taxonomy":"product_tag","embeddable":true,"href":"https:\/\/kindart.is\/en\/wp-json\/wp\/v2\/product_tag?post=4495"}],"curies":[{"name":"wp","href":"https:\/\/api.w.org\/{rel}","templated":true}]}}