{"id":4504,"date":"2022-06-14T16:53:12","date_gmt":"2022-06-14T16:55:45","guid":{"rendered":"https:\/\/kindart.is\/product\/geology\/"},"modified":"2022-06-14T16:55:45","modified_gmt":"2022-06-14T16:55:45","slug":"jardfraedi-2","status":"publish","type":"product","link":"https:\/\/kindart.is\/en\/vara\/jardfraedi-2\/","title":{"rendered":"Geology"},"content":{"rendered":"<p><strong>Geology<\/strong> by \u00deorvald Thoroddsen, teacher at the Latin School. This was the 2nd book in the first book series Sj\u00e1lfsfr\u00e6\u00f0arinn and the editors were: Bj\u00f6rn Jensson and J\u00f3n \u00d3lafsson. The book has pictures and is bound in a school binding 18.4 X 12.2 cm in size and 74 pages. The book series did not last long because no funding was received from the state to continue the publication. 133 year old antique.<\/p>\n<p><strong>Publishing and printing<\/strong> :<br \/>\nThe costar was Sigf\u00fas Eymundsson, Reykjav\u00edk 1889. Prentsm. Sigf. Eymundsson.<\/p>\n","protected":false},"excerpt":{"rendered":"<p>Geology by \u00deorvald Thoroddsen, teacher at the Latin School. This was the 2nd book in the first book series Sj\u00e1lfsfr\u00e6\u00f0arinn and the editors were: Bj\u00f6rn Jensson and J\u00f3n \u00d3lafsson. The book has pictures and is bound in a school binding 18.4 X 12.2 cm in size and 74 pages. The book series did not last [&hellip;]<\/p>\n","protected":false},"featured_media":4499,"template":"","meta":{"slim_seo":{"title":"Geology - KindArt","description":"Geology by \u00deorvald Thoroddsen, teacher at the Latin School. This was the 2nd book in the first book series Sj\u00e1lfsfr\u00e6\u00f0arinn and the editors were: Bj\u00f6rn Jensson a"}},"product_brand":[],"product_cat":[83],"product_tag":[],"class_list":{"0":"post-4504","1":"product","2":"type-product","3":"status-publish","4":"has-post-thumbnail","6":"product_cat-books","7":"product_shipping_class-small-en","9":"first","10":"outofstock","11":"sold-individually","12":"purchasable","13":"product-type-simple"},"_links":{"self":[{"href":"https:\/\/kindart.is\/en\/wp-json\/wp\/v2\/product\/4504","targetHints":{"allow":["GET"]}}],"collection":[{"href":"https:\/\/kindart.is\/en\/wp-json\/wp\/v2\/product"}],"about":[{"href":"https:\/\/kindart.is\/en\/wp-json\/wp\/v2\/types\/product"}],"wp:featuredmedia":[{"embeddable":true,"href":"https:\/\/kindart.is\/en\/wp-json\/wp\/v2\/media\/4499"}],"wp:attachment":[{"href":"https:\/\/kindart.is\/en\/wp-json\/wp\/v2\/media?parent=4504"}],"wp:term":[{"taxonomy":"product_brand","embeddable":true,"href":"https:\/\/kindart.is\/en\/wp-json\/wp\/v2\/product_brand?post=4504"},{"taxonomy":"product_cat","embeddable":true,"href":"https:\/\/kindart.is\/en\/wp-json\/wp\/v2\/product_cat?post=4504"},{"taxonomy":"product_tag","embeddable":true,"href":"https:\/\/kindart.is\/en\/wp-json\/wp\/v2\/product_tag?post=4504"}],"curies":[{"name":"wp","href":"https:\/\/api.w.org\/{rel}","templated":true}]}}