{"id":4512,"date":"2022-06-14T17:01:06","date_gmt":"2022-06-14T17:02:10","guid":{"rendered":"https:\/\/kindart.is\/product\/jerusalem-i\/"},"modified":"2022-06-14T17:02:10","modified_gmt":"2022-06-14T17:02:10","slug":"jerusalem-i-2","status":"publish","type":"product","link":"https:\/\/kindart.is\/en\/vara\/jerusalem-i-2\/","title":{"rendered":"Jerusalem I"},"content":{"rendered":"<p><strong>Jerusalem I.<\/strong> In the Valleys. A novel by Selma Lagerl\u00f6f. Bj\u00f6rg \u00de. Bl\u00f6ndal translated. Her third novel, The Emigrant Story of Jerusalem (1-2), was published in 1901-1902 and was immediately very popular. She wrote it after her trip to the Middle East with her friend. &#8211; This is probably the second volume of the story, but it can be seen in the arcade numbers and the table of contents if it is compared to the title page. Selma Lagerl\u00f6f was the first woman to receive the Nobel Prize. The book is 18.5 X 12.5 cm. to size and 308 pages. handcuffed in rexin on keel and corner and gold on keel.<\/p>\n<p><strong>Publishing and printing<\/strong> :<br \/>\nPublisher: Sigur\u00f0ur Kristj\u00e1nsson&#8217;s Bookstore. Reykjav\u00edk 1915. Prentsmi\u00f0jan R\u00fan.<\/p>\n","protected":false},"excerpt":{"rendered":"<p>Jerusalem I. In the Valleys. A novel by Selma Lagerl\u00f6f. Bj\u00f6rg \u00de. Bl\u00f6ndal translated. Her third novel, The Emigrant Story of Jerusalem (1-2), was published in 1901-1902 and was immediately very popular. She wrote it after her trip to the Middle East with her friend. &#8211; This is probably the second volume of the story, [&hellip;]<\/p>\n","protected":false},"featured_media":4508,"template":"","meta":{"slim_seo":{"title":"Jerusalem I - KindArt","description":"Jerusalem I. In the Valleys. A novel by Selma Lagerl\u00f6f. Bj\u00f6rg \u00de. Bl\u00f6ndal translated. Her third novel, The Emigrant Story of Jerusalem (1-2), was published in 19"}},"product_brand":[],"product_cat":[83],"product_tag":[],"class_list":{"0":"post-4512","1":"product","2":"type-product","3":"status-publish","4":"has-post-thumbnail","6":"product_cat-books","7":"product_shipping_class-small-en","9":"first","10":"instock","11":"sold-individually","12":"purchasable","13":"product-type-simple"},"_links":{"self":[{"href":"https:\/\/kindart.is\/en\/wp-json\/wp\/v2\/product\/4512","targetHints":{"allow":["GET"]}}],"collection":[{"href":"https:\/\/kindart.is\/en\/wp-json\/wp\/v2\/product"}],"about":[{"href":"https:\/\/kindart.is\/en\/wp-json\/wp\/v2\/types\/product"}],"wp:featuredmedia":[{"embeddable":true,"href":"https:\/\/kindart.is\/en\/wp-json\/wp\/v2\/media\/4508"}],"wp:attachment":[{"href":"https:\/\/kindart.is\/en\/wp-json\/wp\/v2\/media?parent=4512"}],"wp:term":[{"taxonomy":"product_brand","embeddable":true,"href":"https:\/\/kindart.is\/en\/wp-json\/wp\/v2\/product_brand?post=4512"},{"taxonomy":"product_cat","embeddable":true,"href":"https:\/\/kindart.is\/en\/wp-json\/wp\/v2\/product_cat?post=4512"},{"taxonomy":"product_tag","embeddable":true,"href":"https:\/\/kindart.is\/en\/wp-json\/wp\/v2\/product_tag?post=4512"}],"curies":[{"name":"wp","href":"https:\/\/api.w.org\/{rel}","templated":true}]}}