{"id":4528,"date":"2022-06-14T17:12:23","date_gmt":"2022-06-14T17:13:13","guid":{"rendered":"https:\/\/kindart.is\/product\/kak-eireskimoinn\/"},"modified":"2022-06-25T09:15:15","modified_gmt":"2022-06-25T09:15:15","slug":"kak-eireskimoinn","status":"publish","type":"product","link":"https:\/\/kindart.is\/en\/vara\/kak-eireskimoinn\/","title":{"rendered":"Kak, Eireskim\u00f3inn"},"content":{"rendered":"<p><strong>Kak, Eireskim\u00f3inn<\/strong> , I-II by Vilhj\u00e1lm Stef\u00e1nsson and Violet Irwin, combined. Translators J\u00f3hannes \u00far K\u00f6tlar and Sigur\u00f0ur Thorlacius. A selection of world literature for children and teenagers. Published with the recommendations of the School Board of Primary Schools. The book is 18.2 X 12.2 cm in size and 128 pages. tied in a brown overall shirt.<\/p>\n<p><strong>Publishing and printing<\/strong> :<br \/>\nPublisher: \u00deorsteinn M. J\u00f3nsson 1934 Akureyri. Oddur Bj\u00f6rnsson&#8217;s printing works.<\/p>\n","protected":false},"excerpt":{"rendered":"<p>Kak, Eireskim\u00f3inn , I-II by Vilhj\u00e1lm Stef\u00e1nsson and Violet Irwin, combined. Translators J\u00f3hannes \u00far K\u00f6tlar and Sigur\u00f0ur Thorlacius. A selection of world literature for children and teenagers. Published with the recommendations of the School Board of Primary Schools. The book is 18.2 X 12.2 cm in size and 128 pages. tied in a brown overall [&hellip;]<\/p>\n","protected":false},"featured_media":4524,"template":"","meta":{"slim_seo":{"title":"Kak, Eireskim\u00f3inn - KindArt","description":"Kak, Eireskim\u00f3inn , I-II by Vilhj\u00e1lm Stef\u00e1nsson and Violet Irwin, combined. Translators J\u00f3hannes \u00far K\u00f6tlar and Sigur\u00f0ur Thorlacius. A selection of world literat"}},"product_brand":[],"product_cat":[83],"product_tag":[],"class_list":{"0":"post-4528","1":"product","2":"type-product","3":"status-publish","4":"has-post-thumbnail","6":"product_cat-books","7":"product_shipping_class-small-en","9":"first","10":"outofstock","11":"sold-individually","12":"purchasable","13":"product-type-simple"},"_links":{"self":[{"href":"https:\/\/kindart.is\/en\/wp-json\/wp\/v2\/product\/4528","targetHints":{"allow":["GET"]}}],"collection":[{"href":"https:\/\/kindart.is\/en\/wp-json\/wp\/v2\/product"}],"about":[{"href":"https:\/\/kindart.is\/en\/wp-json\/wp\/v2\/types\/product"}],"wp:featuredmedia":[{"embeddable":true,"href":"https:\/\/kindart.is\/en\/wp-json\/wp\/v2\/media\/4524"}],"wp:attachment":[{"href":"https:\/\/kindart.is\/en\/wp-json\/wp\/v2\/media?parent=4528"}],"wp:term":[{"taxonomy":"product_brand","embeddable":true,"href":"https:\/\/kindart.is\/en\/wp-json\/wp\/v2\/product_brand?post=4528"},{"taxonomy":"product_cat","embeddable":true,"href":"https:\/\/kindart.is\/en\/wp-json\/wp\/v2\/product_cat?post=4528"},{"taxonomy":"product_tag","embeddable":true,"href":"https:\/\/kindart.is\/en\/wp-json\/wp\/v2\/product_tag?post=4528"}],"curies":[{"name":"wp","href":"https:\/\/api.w.org\/{rel}","templated":true}]}}