{"id":4634,"date":"2022-06-26T18:01:46","date_gmt":"2022-06-26T18:02:23","guid":{"rendered":"https:\/\/kindart.is\/product\/kak-i-and-kak-ii\/"},"modified":"2022-06-26T18:02:23","modified_gmt":"2022-06-26T18:02:23","slug":"kak-i-og-kak-ii-2","status":"publish","type":"product","link":"https:\/\/kindart.is\/en\/vara\/kak-i-og-kak-ii-2\/","title":{"rendered":"Kak I and Kak II"},"content":{"rendered":"<p><strong>Kak I and Kak II<\/strong> . Eireskim\u00f3inn. 2 books by Vilhj\u00e1lm Stef\u00e1nsson and Violet Irwin. Translators J\u00f3hannes \u00far K\u00f6tlar and Sigur\u00f0ur Thorlacius. A selection of world literature for children and teenagers. Published with the recommendations of the School Board of Primary Schools. Size: 18.5 X 12.5 cm and volume I is 132 pages, while volume II is 128 pages.<br \/>\nThe books are bound in a publishing band, green shirting and printed in black.<\/p>\n<p><strong>Publishing and printing<\/strong> :<br \/>\nPublisher: \u00deorsteinn M. J\u00f3nsson 1935 Akureyri. Oddur Bj\u00f6rnsson&#8217;s printing works.<\/p>\n","protected":false},"excerpt":{"rendered":"<p>Kak I and Kak II . Eireskim\u00f3inn. 2 books by Vilhj\u00e1lm Stef\u00e1nsson and Violet Irwin. Translators J\u00f3hannes \u00far K\u00f6tlar and Sigur\u00f0ur Thorlacius. A selection of world literature for children and teenagers. Published with the recommendations of the School Board of Primary Schools. Size: 18.5 X 12.5 cm and volume I is 132 pages, while volume [&hellip;]<\/p>\n","protected":false},"featured_media":4632,"template":"","meta":{"slim_seo":{"title":"Kak I and Kak II - KindArt","description":"Kak I and Kak II . Eireskim\u00f3inn. 2 books by Vilhj\u00e1lm Stef\u00e1nsson and Violet Irwin. Translators J\u00f3hannes \u00far K\u00f6tlar and Sigur\u00f0ur Thorlacius. A selection of world l"}},"product_brand":[],"product_cat":[83],"product_tag":[],"class_list":{"0":"post-4634","1":"product","2":"type-product","3":"status-publish","4":"has-post-thumbnail","6":"product_cat-books","7":"product_shipping_class-medium-en","9":"first","10":"outofstock","11":"sold-individually","12":"purchasable","13":"product-type-simple"},"_links":{"self":[{"href":"https:\/\/kindart.is\/en\/wp-json\/wp\/v2\/product\/4634","targetHints":{"allow":["GET"]}}],"collection":[{"href":"https:\/\/kindart.is\/en\/wp-json\/wp\/v2\/product"}],"about":[{"href":"https:\/\/kindart.is\/en\/wp-json\/wp\/v2\/types\/product"}],"wp:featuredmedia":[{"embeddable":true,"href":"https:\/\/kindart.is\/en\/wp-json\/wp\/v2\/media\/4632"}],"wp:attachment":[{"href":"https:\/\/kindart.is\/en\/wp-json\/wp\/v2\/media?parent=4634"}],"wp:term":[{"taxonomy":"product_brand","embeddable":true,"href":"https:\/\/kindart.is\/en\/wp-json\/wp\/v2\/product_brand?post=4634"},{"taxonomy":"product_cat","embeddable":true,"href":"https:\/\/kindart.is\/en\/wp-json\/wp\/v2\/product_cat?post=4634"},{"taxonomy":"product_tag","embeddable":true,"href":"https:\/\/kindart.is\/en\/wp-json\/wp\/v2\/product_tag?post=4634"}],"curies":[{"name":"wp","href":"https:\/\/api.w.org\/{rel}","templated":true}]}}