{"id":4641,"date":"2022-06-26T18:07:29","date_gmt":"2022-06-26T18:07:55","guid":{"rendered":"https:\/\/kindart.is\/product\/my-so-called-wife\/"},"modified":"2022-06-26T18:07:55","modified_gmt":"2022-06-26T18:07:55","slug":"the-woman-my-so-called","status":"publish","type":"product","link":"https:\/\/kindart.is\/en\/vara\/the-woman-my-so-called\/","title":{"rendered":"My so-called wife"},"content":{"rendered":"<p><strong>My so-called wife<\/strong> by Richard Henry Savage. The book is 20 X 13.5 cm in size and 192 pages. Hand-sewn and placed in a cardboard cover.<\/p>\n<p><strong>Publishing and printing<\/strong> :<br \/>\n\u00dej\u00f3\u00f0viljan&#8217;s History Museum. Bessasta\u00f0ir 1906. \u00dej\u00f3\u00f0viljan&#8217;s printing works. These are probably remnants of footnotes from Bessasta\u00f0ir, which have later been tried to price up by breaking them and putting them in editions. The cover around this was printed in \u00c1g\u00fast Sigur\u00f0sson&#8217;s Printing Works, which was not established until 1922.<\/p>\n<p>Antiques.<\/p>\n","protected":false},"excerpt":{"rendered":"<p>My so-called wife by Richard Henry Savage. The book is 20 X 13.5 cm in size and 192 pages. Hand-sewn and placed in a cardboard cover. Publishing and printing : \u00dej\u00f3\u00f0viljan&#8217;s History Museum. Bessasta\u00f0ir 1906. \u00dej\u00f3\u00f0viljan&#8217;s printing works. These are probably remnants of footnotes from Bessasta\u00f0ir, which have later been tried to price up by [&hellip;]<\/p>\n","protected":false},"featured_media":4638,"template":"","meta":{"slim_seo":{"title":"My so-called wife - KindArt","description":"My so-called wife by Richard Henry Savage. The book is 20 X 13.5 cm in size and 192 pages. Hand-sewn and placed in a cardboard cover. Publishing and printing :"}},"product_brand":[],"product_cat":[83],"product_tag":[],"class_list":{"0":"post-4641","1":"product","2":"type-product","3":"status-publish","4":"has-post-thumbnail","6":"product_cat-books","7":"product_shipping_class-small-en","9":"first","10":"instock","11":"sold-individually","12":"purchasable","13":"product-type-simple"},"_links":{"self":[{"href":"https:\/\/kindart.is\/en\/wp-json\/wp\/v2\/product\/4641","targetHints":{"allow":["GET"]}}],"collection":[{"href":"https:\/\/kindart.is\/en\/wp-json\/wp\/v2\/product"}],"about":[{"href":"https:\/\/kindart.is\/en\/wp-json\/wp\/v2\/types\/product"}],"wp:featuredmedia":[{"embeddable":true,"href":"https:\/\/kindart.is\/en\/wp-json\/wp\/v2\/media\/4638"}],"wp:attachment":[{"href":"https:\/\/kindart.is\/en\/wp-json\/wp\/v2\/media?parent=4641"}],"wp:term":[{"taxonomy":"product_brand","embeddable":true,"href":"https:\/\/kindart.is\/en\/wp-json\/wp\/v2\/product_brand?post=4641"},{"taxonomy":"product_cat","embeddable":true,"href":"https:\/\/kindart.is\/en\/wp-json\/wp\/v2\/product_cat?post=4641"},{"taxonomy":"product_tag","embeddable":true,"href":"https:\/\/kindart.is\/en\/wp-json\/wp\/v2\/product_tag?post=4641"}],"curies":[{"name":"wp","href":"https:\/\/api.w.org\/{rel}","templated":true}]}}