{"id":4648,"date":"2022-06-26T18:12:29","date_gmt":"2022-06-26T18:13:01","guid":{"rendered":"https:\/\/kindart.is\/product\/konungskomu-rhyme\/"},"modified":"2022-06-26T18:13:01","modified_gmt":"2022-06-26T18:13:01","slug":"konungskomu-rima-2","status":"publish","type":"product","link":"https:\/\/kindart.is\/en\/vara\/konungskomu-rima-2\/","title":{"rendered":"Konungskomu-rhyme"},"content":{"rendered":"<p><strong>Konungskomu-rhyme<\/strong> . About the arrival of King Frederick VIII. To \u00cdsafj\u00f6r\u00f0ur 1907 and the great preparation. \u00de\u00f3r\u00f0ur \u00de. Grunnv\u00edkingur was strong. \u00de\u00f3r\u00f0ur was a poet and correspondent b. 1878 and d. 1913. The poem is bound in a shirting on the keel and corner. Size: 13.3 X 10.2 cm 64 pages.<\/p>\n<p><strong>Publishing and printing<\/strong> :<br \/>\nPublisher: The author. \u00cdsafj\u00f6r\u00f0ur 1908. Westfjords Printing Works.<\/p>\n<p>Antiques.<\/p>\n","protected":false},"excerpt":{"rendered":"<p>Konungskomu-rhyme . About the arrival of King Frederick VIII. To \u00cdsafj\u00f6r\u00f0ur 1907 and the great preparation. \u00de\u00f3r\u00f0ur \u00de. Grunnv\u00edkingur was strong. \u00de\u00f3r\u00f0ur was a poet and correspondent b. 1878 and d. 1913. The poem is bound in a shirting on the keel and corner. Size: 13.3 X 10.2 cm 64 pages. Publishing and printing : [&hellip;]<\/p>\n","protected":false},"featured_media":4645,"template":"","meta":{"slim_seo":{"title":"Konungskomu-rhyme - KindArt","description":"Konungskomu-rhyme . About the arrival of King Frederick VIII. To \u00cdsafj\u00f6r\u00f0ur 1907 and the great preparation. \u00de\u00f3r\u00f0ur \u00de. Grunnv\u00edkingur was strong. \u00de\u00f3r\u00f0ur was a poe"}},"product_brand":[],"product_cat":[83],"product_tag":[],"class_list":{"0":"post-4648","1":"product","2":"type-product","3":"status-publish","4":"has-post-thumbnail","6":"product_cat-books","7":"product_shipping_class-small-en","9":"first","10":"outofstock","11":"sold-individually","12":"purchasable","13":"product-type-simple"},"_links":{"self":[{"href":"https:\/\/kindart.is\/en\/wp-json\/wp\/v2\/product\/4648","targetHints":{"allow":["GET"]}}],"collection":[{"href":"https:\/\/kindart.is\/en\/wp-json\/wp\/v2\/product"}],"about":[{"href":"https:\/\/kindart.is\/en\/wp-json\/wp\/v2\/types\/product"}],"wp:featuredmedia":[{"embeddable":true,"href":"https:\/\/kindart.is\/en\/wp-json\/wp\/v2\/media\/4645"}],"wp:attachment":[{"href":"https:\/\/kindart.is\/en\/wp-json\/wp\/v2\/media?parent=4648"}],"wp:term":[{"taxonomy":"product_brand","embeddable":true,"href":"https:\/\/kindart.is\/en\/wp-json\/wp\/v2\/product_brand?post=4648"},{"taxonomy":"product_cat","embeddable":true,"href":"https:\/\/kindart.is\/en\/wp-json\/wp\/v2\/product_cat?post=4648"},{"taxonomy":"product_tag","embeddable":true,"href":"https:\/\/kindart.is\/en\/wp-json\/wp\/v2\/product_tag?post=4648"}],"curies":[{"name":"wp","href":"https:\/\/api.w.org\/{rel}","templated":true}]}}