{"id":4667,"date":"2022-06-26T18:24:51","date_gmt":"2022-06-26T18:25:18","guid":{"rendered":"https:\/\/kindart.is\/product\/poems-and-poems\/"},"modified":"2022-06-26T18:25:18","modified_gmt":"2022-06-26T18:25:18","slug":"ljod-og-kvaedi-2","status":"publish","type":"product","link":"https:\/\/kindart.is\/en\/vara\/ljod-og-kvaedi-2\/","title":{"rendered":"Poems and poems"},"content":{"rendered":"<p><strong>Poems and poems<\/strong> by Gu\u00f0mundur Gu\u00f0mundsson[sk\u00f3lask\u00e1ld] . F.1874 d.1919. New collection. The book is mechanized by Jakob Kristj\u00e1nsson, who was the first Icelandic mechanic.<br \/>\nThe book is 16.8 X 10.8 cm, 336 pages and bound in light brown shirtings with beautiful fecal leaves.<\/p>\n<p><strong>Publishing and printing<\/strong> :<br \/>\nPublisher: B\u00f3kaverslun Sigf. Eymundsson Reykjav\u00edk 1917. Prentsmi\u00f0jan R\u00fan.<\/p>\n<p>Antiques.<\/p>\n","protected":false},"excerpt":{"rendered":"<p>Poems and poems by Gu\u00f0mundur Gu\u00f0mundsson[sk\u00f3lask\u00e1ld] . F.1874 d.1919. New collection. The book is mechanized by Jakob Kristj\u00e1nsson, who was the first Icelandic mechanic. The book is 16.8 X 10.8 cm, 336 pages and bound in light brown shirtings with beautiful fecal leaves. Publishing and printing : Publisher: B\u00f3kaverslun Sigf. Eymundsson Reykjav\u00edk 1917. Prentsmi\u00f0jan R\u00fan. [&hellip;]<\/p>\n","protected":false},"featured_media":4664,"template":"","meta":{"slim_seo":{"title":"Poems and poems - KindArt","description":"Poems and poems by Gu\u00f0mundur Gu\u00f0mundsson[sk\u00f3lask\u00e1ld] . F.1874 d.1919. New collection. The book is mechanized by Jakob Kristj\u00e1nsson, who was the first Icelandic"}},"product_brand":[],"product_cat":[83],"product_tag":[],"class_list":{"0":"post-4667","1":"product","2":"type-product","3":"status-publish","4":"has-post-thumbnail","6":"product_cat-books","7":"product_shipping_class-small-en","9":"first","10":"instock","11":"sold-individually","12":"purchasable","13":"product-type-simple"},"_links":{"self":[{"href":"https:\/\/kindart.is\/en\/wp-json\/wp\/v2\/product\/4667","targetHints":{"allow":["GET"]}}],"collection":[{"href":"https:\/\/kindart.is\/en\/wp-json\/wp\/v2\/product"}],"about":[{"href":"https:\/\/kindart.is\/en\/wp-json\/wp\/v2\/types\/product"}],"wp:featuredmedia":[{"embeddable":true,"href":"https:\/\/kindart.is\/en\/wp-json\/wp\/v2\/media\/4664"}],"wp:attachment":[{"href":"https:\/\/kindart.is\/en\/wp-json\/wp\/v2\/media?parent=4667"}],"wp:term":[{"taxonomy":"product_brand","embeddable":true,"href":"https:\/\/kindart.is\/en\/wp-json\/wp\/v2\/product_brand?post=4667"},{"taxonomy":"product_cat","embeddable":true,"href":"https:\/\/kindart.is\/en\/wp-json\/wp\/v2\/product_cat?post=4667"},{"taxonomy":"product_tag","embeddable":true,"href":"https:\/\/kindart.is\/en\/wp-json\/wp\/v2\/product_tag?post=4667"}],"curies":[{"name":"wp","href":"https:\/\/api.w.org\/{rel}","templated":true}]}}