{"id":4674,"date":"2022-06-26T18:29:06","date_gmt":"2022-06-26T18:29:33","guid":{"rendered":"https:\/\/kindart.is\/product\/closing-date\/"},"modified":"2022-06-26T18:29:33","modified_gmt":"2022-06-26T18:29:33","slug":"closing-date","status":"publish","type":"product","link":"https:\/\/kindart.is\/en\/vara\/closing-date\/","title":{"rendered":"Closing date"},"content":{"rendered":"<p><strong>Closing date<\/strong> . A novel by Theod\u00f3r Fri\u00f0riksson, The\u00f3d\u00f3r was born in 1876 in Flatey \u00e1 Skj\u00e1lfandi and grew up in Flateyjardalur for the first few years; he was a great writer and swore allegiance to other top popular writers such as B\u00f3lu-Hj\u00e1lmar et al. Theod\u00f3r died in 1948 in Reykjav\u00edk. &#8211; The book is bound in brown shirting on the keel and corner, invalid. Flax sheets of wallpaper paper but cladding is old marble cardboard. Size: 18.5 X 13 cm and 124 pages.<\/p>\n<p><strong>Publishing and printing<\/strong> :<br \/>\nPublisher is not mentioned. Reykjav\u00edk 1926. Al\u00fe\u00fd\u00f0uprentsmi\u00f0jan.<\/p>\n","protected":false},"excerpt":{"rendered":"<p>Closing date . A novel by Theod\u00f3r Fri\u00f0riksson, The\u00f3d\u00f3r was born in 1876 in Flatey \u00e1 Skj\u00e1lfandi and grew up in Flateyjardalur for the first few years; he was a great writer and swore allegiance to other top popular writers such as B\u00f3lu-Hj\u00e1lmar et al. Theod\u00f3r died in 1948 in Reykjav\u00edk. &#8211; The book is [&hellip;]<\/p>\n","protected":false},"featured_media":4671,"template":"","meta":{"slim_seo":{"title":"Closing date - KindArt","description":"Closing date . A novel by Theod\u00f3r Fri\u00f0riksson, The\u00f3d\u00f3r was born in 1876 in Flatey \u00e1 Skj\u00e1lfandi and grew up in Flateyjardalur for the first few years; he was a g"}},"product_brand":[],"product_cat":[83],"product_tag":[],"class_list":{"0":"post-4674","1":"product","2":"type-product","3":"status-publish","4":"has-post-thumbnail","6":"product_cat-books","7":"product_shipping_class-small-en","9":"first","10":"outofstock","11":"sold-individually","12":"purchasable","13":"product-type-simple"},"_links":{"self":[{"href":"https:\/\/kindart.is\/en\/wp-json\/wp\/v2\/product\/4674","targetHints":{"allow":["GET"]}}],"collection":[{"href":"https:\/\/kindart.is\/en\/wp-json\/wp\/v2\/product"}],"about":[{"href":"https:\/\/kindart.is\/en\/wp-json\/wp\/v2\/types\/product"}],"wp:featuredmedia":[{"embeddable":true,"href":"https:\/\/kindart.is\/en\/wp-json\/wp\/v2\/media\/4671"}],"wp:attachment":[{"href":"https:\/\/kindart.is\/en\/wp-json\/wp\/v2\/media?parent=4674"}],"wp:term":[{"taxonomy":"product_brand","embeddable":true,"href":"https:\/\/kindart.is\/en\/wp-json\/wp\/v2\/product_brand?post=4674"},{"taxonomy":"product_cat","embeddable":true,"href":"https:\/\/kindart.is\/en\/wp-json\/wp\/v2\/product_cat?post=4674"},{"taxonomy":"product_tag","embeddable":true,"href":"https:\/\/kindart.is\/en\/wp-json\/wp\/v2\/product_tag?post=4674"}],"curies":[{"name":"wp","href":"https:\/\/api.w.org\/{rel}","templated":true}]}}