{"id":4682,"date":"2022-06-26T18:32:51","date_gmt":"2022-06-26T18:33:40","guid":{"rendered":"https:\/\/kindart.is\/product\/description-of-iceland\/"},"modified":"2022-06-26T20:27:35","modified_gmt":"2022-06-26T20:27:35","slug":"lysing-islands","status":"publish","type":"product","link":"https:\/\/kindart.is\/en\/vara\/lysing-islands\/","title":{"rendered":"Description of Iceland"},"content":{"rendered":"<p><strong>L\u00fdsing \u00cdslands<\/strong> , Abstract by \u00deorvald Thoroddsen, 2. volume in 2. book series in B\u00f3kasafn al\u00fe\u00fd\u00f0u. Foreword for another edition by \u00deorvald Thoroddsen. Beautiful version in decorative ribbon and colored in shapes. Oddur Bj\u00f6rnsson, who was the publisher of the publication, seems to have lived at Fri\u00f0riksberg in Copenhagen. At the forefront of the book is an advertisement from Oddur where this remarkable book series is discussed and contains recommendations from Magn\u00fas Stephensen, Governor and Minister of Iceland, J\u00f3n Magn\u00fasson. The book is richly decorated with drawings and photographs.<\/p>\n<p><strong>Publishing and printing<\/strong> :<br \/>\nPublisher: Oddur Bj\u00f6rnsson Copenhagen 1900. Second edition, improved. Printed by university printer JH Schultz.<\/p>\n<p>Antiques.<\/p>\n","protected":false},"excerpt":{"rendered":"<p>L\u00fdsing \u00cdslands , Abstract by \u00deorvald Thoroddsen, 2. volume in 2. book series in B\u00f3kasafn al\u00fe\u00fd\u00f0u. Foreword for another edition by \u00deorvald Thoroddsen. Beautiful version in decorative ribbon and colored in shapes. Oddur Bj\u00f6rnsson, who was the publisher of the publication, seems to have lived at Fri\u00f0riksberg in Copenhagen. At the forefront of the book [&hellip;]<\/p>\n","protected":false},"featured_media":4678,"template":"","meta":{"slim_seo":{"title":"Description of Iceland - KindArt","description":"L\u00fdsing \u00cdslands , Abstract by \u00deorvald Thoroddsen, 2. volume in 2. book series in B\u00f3kasafn al\u00fe\u00fd\u00f0u. Foreword for another edition by \u00deorvald Thoroddsen. Beautiful v"}},"product_brand":[],"product_cat":[83],"product_tag":[],"class_list":{"0":"post-4682","1":"product","2":"type-product","3":"status-publish","4":"has-post-thumbnail","6":"product_cat-books","7":"product_shipping_class-small-en","9":"first","10":"outofstock","11":"sold-individually","12":"purchasable","13":"product-type-simple"},"_links":{"self":[{"href":"https:\/\/kindart.is\/en\/wp-json\/wp\/v2\/product\/4682","targetHints":{"allow":["GET"]}}],"collection":[{"href":"https:\/\/kindart.is\/en\/wp-json\/wp\/v2\/product"}],"about":[{"href":"https:\/\/kindart.is\/en\/wp-json\/wp\/v2\/types\/product"}],"wp:featuredmedia":[{"embeddable":true,"href":"https:\/\/kindart.is\/en\/wp-json\/wp\/v2\/media\/4678"}],"wp:attachment":[{"href":"https:\/\/kindart.is\/en\/wp-json\/wp\/v2\/media?parent=4682"}],"wp:term":[{"taxonomy":"product_brand","embeddable":true,"href":"https:\/\/kindart.is\/en\/wp-json\/wp\/v2\/product_brand?post=4682"},{"taxonomy":"product_cat","embeddable":true,"href":"https:\/\/kindart.is\/en\/wp-json\/wp\/v2\/product_cat?post=4682"},{"taxonomy":"product_tag","embeddable":true,"href":"https:\/\/kindart.is\/en\/wp-json\/wp\/v2\/product_tag?post=4682"}],"curies":[{"name":"wp","href":"https:\/\/api.w.org\/{rel}","templated":true}]}}