{"id":4689,"date":"2022-06-26T18:45:24","date_gmt":"2022-06-26T18:46:31","guid":{"rendered":"https:\/\/kindart.is\/product\/some-poems\/"},"modified":"2022-06-26T18:46:31","modified_gmt":"2022-06-26T18:46:31","slug":"nokkur-kvaedi-2","status":"publish","type":"product","link":"https:\/\/kindart.is\/en\/vara\/nokkur-kvaedi-2\/","title":{"rendered":"Some poems"},"content":{"rendered":"<p><strong>Some poems<\/strong> by \u00deorstein G\u00edslason. A small poetry collection, 64 pages. 14 X 11 cm in size. Publisher not mentioned, Reykjav\u00edk 1904. Prentsmi\u00f0ja Reykjav\u00edkur. &#8211;<br \/>\nPoetry by Einar Hj\u00f6rleifsson. 64 p. Publisher not mentioned, Reykjav\u00edk 1893. \u00cdsafold Printing Workshop.<br \/>\nThe books are bound together in one book in light brown shirting on the keel and corner, covered with old marble paper on panels.<\/p>\n<p>Antiques.<\/p>\n","protected":false},"excerpt":{"rendered":"<p>Some poems by \u00deorstein G\u00edslason. A small poetry collection, 64 pages. 14 X 11 cm in size. Publisher not mentioned, Reykjav\u00edk 1904. Prentsmi\u00f0ja Reykjav\u00edkur. &#8211; Poetry by Einar Hj\u00f6rleifsson. 64 p. Publisher not mentioned, Reykjav\u00edk 1893. \u00cdsafold Printing Workshop. The books are bound together in one book in light brown shirting on the keel and [&hellip;]<\/p>\n","protected":false},"featured_media":4685,"template":"","meta":{"slim_seo":{"title":"Some poems - KindArt","description":"Some poems by \u00deorstein G\u00edslason. A small poetry collection, 64 pages. 14 X 11 cm in size. Publisher not mentioned, Reykjav\u00edk 1904. Prentsmi\u00f0ja Reykjav\u00edkur. - Po"}},"product_brand":[],"product_cat":[83],"product_tag":[],"class_list":{"0":"post-4689","1":"product","2":"type-product","3":"status-publish","4":"has-post-thumbnail","6":"product_cat-books","7":"product_shipping_class-small-en","9":"first","10":"instock","11":"sold-individually","12":"purchasable","13":"product-type-simple"},"_links":{"self":[{"href":"https:\/\/kindart.is\/en\/wp-json\/wp\/v2\/product\/4689","targetHints":{"allow":["GET"]}}],"collection":[{"href":"https:\/\/kindart.is\/en\/wp-json\/wp\/v2\/product"}],"about":[{"href":"https:\/\/kindart.is\/en\/wp-json\/wp\/v2\/types\/product"}],"wp:featuredmedia":[{"embeddable":true,"href":"https:\/\/kindart.is\/en\/wp-json\/wp\/v2\/media\/4685"}],"wp:attachment":[{"href":"https:\/\/kindart.is\/en\/wp-json\/wp\/v2\/media?parent=4689"}],"wp:term":[{"taxonomy":"product_brand","embeddable":true,"href":"https:\/\/kindart.is\/en\/wp-json\/wp\/v2\/product_brand?post=4689"},{"taxonomy":"product_cat","embeddable":true,"href":"https:\/\/kindart.is\/en\/wp-json\/wp\/v2\/product_cat?post=4689"},{"taxonomy":"product_tag","embeddable":true,"href":"https:\/\/kindart.is\/en\/wp-json\/wp\/v2\/product_tag?post=4689"}],"curies":[{"name":"wp","href":"https:\/\/api.w.org\/{rel}","templated":true}]}}