{"id":4699,"date":"2022-06-26T18:53:00","date_gmt":"2022-06-26T18:53:47","guid":{"rendered":"https:\/\/kindart.is\/product\/a-few-words-about-the-industry-and-occupation-of-icelanders\/"},"modified":"2022-06-26T18:53:47","modified_gmt":"2022-06-26T18:53:47","slug":"a-few-words-about-idnad-and-idju-icelanders","status":"publish","type":"product","link":"https:\/\/kindart.is\/en\/vara\/a-few-words-about-idnad-and-idju-icelanders\/","title":{"rendered":"A few words about the industry and occupation of Icelanders"},"content":{"rendered":"<p><strong>A few words about the industry and occupation of Icelanders<\/strong> . Essay by Sigur\u00f0ur Sk\u00falason. The book is 15.3 X 10 cm and 72 pages. to size. It has been wire stapled to the side and then placed in a cardboard cover.[B\u00fai\u00f0 er a\u00f0 taka v\u00edrklammana \u00far svo \u00feeir skemmi ekki meira] .<\/p>\n<p><strong>Publishing and printing<\/strong> :<br \/>\nHF Smj\u00f6rl\u00edkisger\u00f0in Reykjav\u00edk 1932. Fjelagsprentsmi\u00f0jan.<\/p>\n","protected":false},"excerpt":{"rendered":"<p>A few words about the industry and occupation of Icelanders . Essay by Sigur\u00f0ur Sk\u00falason. The book is 15.3 X 10 cm and 72 pages. to size. It has been wire stapled to the side and then placed in a cardboard cover.[B\u00fai\u00f0 er a\u00f0 taka v\u00edrklammana \u00far svo \u00feeir skemmi ekki meira] . Publishing and [&hellip;]<\/p>\n","protected":false},"featured_media":4692,"template":"","meta":{"slim_seo":{"title":"A few words about the industry and occupation of Icelanders - KindArt","description":"A few words about the industry and occupation of Icelanders . Essay by Sigur\u00f0ur Sk\u00falason. The book is 15.3 X 10 cm and 72 pages. to size. It has been wire stapl"}},"product_brand":[],"product_cat":[83],"product_tag":[],"class_list":{"0":"post-4699","1":"product","2":"type-product","3":"status-publish","4":"has-post-thumbnail","6":"product_cat-books","7":"product_shipping_class-small-en","9":"first","10":"instock","11":"sold-individually","12":"purchasable","13":"product-type-simple"},"_links":{"self":[{"href":"https:\/\/kindart.is\/en\/wp-json\/wp\/v2\/product\/4699","targetHints":{"allow":["GET"]}}],"collection":[{"href":"https:\/\/kindart.is\/en\/wp-json\/wp\/v2\/product"}],"about":[{"href":"https:\/\/kindart.is\/en\/wp-json\/wp\/v2\/types\/product"}],"wp:featuredmedia":[{"embeddable":true,"href":"https:\/\/kindart.is\/en\/wp-json\/wp\/v2\/media\/4692"}],"wp:attachment":[{"href":"https:\/\/kindart.is\/en\/wp-json\/wp\/v2\/media?parent=4699"}],"wp:term":[{"taxonomy":"product_brand","embeddable":true,"href":"https:\/\/kindart.is\/en\/wp-json\/wp\/v2\/product_brand?post=4699"},{"taxonomy":"product_cat","embeddable":true,"href":"https:\/\/kindart.is\/en\/wp-json\/wp\/v2\/product_cat?post=4699"},{"taxonomy":"product_tag","embeddable":true,"href":"https:\/\/kindart.is\/en\/wp-json\/wp\/v2\/product_tag?post=4699"}],"curies":[{"name":"wp","href":"https:\/\/api.w.org\/{rel}","templated":true}]}}