{"id":4705,"date":"2022-06-26T18:57:46","date_gmt":"2022-06-26T18:58:43","guid":{"rendered":"https:\/\/kindart.is\/product\/new-social-media\/"},"modified":"2022-06-26T18:58:43","modified_gmt":"2022-06-26T18:58:43","slug":"ny-fjelagsrit-2","status":"publish","type":"product","link":"https:\/\/kindart.is\/en\/vara\/ny-fjelagsrit-2\/","title":{"rendered":"New social media"},"content":{"rendered":"<p><strong>New social media<\/strong> . 22. years. 180 p.<br \/>\nBoard of Directors: Gu\u00f0brandur Vigf\u00fasson, Gunnlaugur Bl\u00f6ndal, J\u00f3n Sigur\u00f0sson, Sigur\u00f0ur L. J\u00f3nasson, Steingr\u00edmur Thorsteinsson.<br \/>\nNew social media. 23. years. 166 p.<br \/>\nBoard of Directors: Gu\u00f0brandur Vigf\u00fasson, Gunnlaugur Bl\u00f6ndal, J\u00f3n Sigur\u00f0sson,<br \/>\nL\u00e1rus Bl\u00f6ndal, Sigur\u00f0ur L. J\u00f3nasson.<br \/>\nNew social media. 24. years. 204 p.<br \/>\nBoard of Directors: Gu\u00f0brandur Vigf\u00fasson, J\u00f3n Sigur\u00f0sson, Magn\u00fas Stephensen,<br \/>\nSigur\u00f0ur L. J\u00f3nasson, \u00deorvaldur Bj\u00f6rnsson.<br \/>\nThe publications are bound in one book, which is 20.2 X 12.5 cm in size, in brown sheepskin on the keel and corner and covered with marble paper.<\/p>\n<p><strong>Publishing and printing<\/strong> :<br \/>\nPublishers: Some Icelanders Copenhagen 1862-1864. Louis Klein Printing Works.<\/p>\n<p>Antiques.<\/p>\n","protected":false},"excerpt":{"rendered":"<p>New social media . 22. years. 180 p. Board of Directors: Gu\u00f0brandur Vigf\u00fasson, Gunnlaugur Bl\u00f6ndal, J\u00f3n Sigur\u00f0sson, Sigur\u00f0ur L. J\u00f3nasson, Steingr\u00edmur Thorsteinsson. New social media. 23. years. 166 p. Board of Directors: Gu\u00f0brandur Vigf\u00fasson, Gunnlaugur Bl\u00f6ndal, J\u00f3n Sigur\u00f0sson, L\u00e1rus Bl\u00f6ndal, Sigur\u00f0ur L. J\u00f3nasson. New social media. 24. years. 204 p. Board of Directors: Gu\u00f0brandur Vigf\u00fasson, [&hellip;]<\/p>\n","protected":false},"featured_media":4707,"template":"","meta":{"slim_seo":{"title":"New social media - KindArt","description":"New social media . 22. years. 180 p. Board of Directors: Gu\u00f0brandur Vigf\u00fasson, Gunnlaugur Bl\u00f6ndal, J\u00f3n Sigur\u00f0sson, Sigur\u00f0ur L. J\u00f3nasson, Steingr\u00edmur Thorsteinss"}},"product_brand":[],"product_cat":[83],"product_tag":[],"class_list":{"0":"post-4705","1":"product","2":"type-product","3":"status-publish","4":"has-post-thumbnail","6":"product_cat-books","7":"product_shipping_class-small-en","9":"first","10":"instock","11":"sold-individually","12":"purchasable","13":"product-type-simple"},"_links":{"self":[{"href":"https:\/\/kindart.is\/en\/wp-json\/wp\/v2\/product\/4705","targetHints":{"allow":["GET"]}}],"collection":[{"href":"https:\/\/kindart.is\/en\/wp-json\/wp\/v2\/product"}],"about":[{"href":"https:\/\/kindart.is\/en\/wp-json\/wp\/v2\/types\/product"}],"wp:featuredmedia":[{"embeddable":true,"href":"https:\/\/kindart.is\/en\/wp-json\/wp\/v2\/media\/4707"}],"wp:attachment":[{"href":"https:\/\/kindart.is\/en\/wp-json\/wp\/v2\/media?parent=4705"}],"wp:term":[{"taxonomy":"product_brand","embeddable":true,"href":"https:\/\/kindart.is\/en\/wp-json\/wp\/v2\/product_brand?post=4705"},{"taxonomy":"product_cat","embeddable":true,"href":"https:\/\/kindart.is\/en\/wp-json\/wp\/v2\/product_cat?post=4705"},{"taxonomy":"product_tag","embeddable":true,"href":"https:\/\/kindart.is\/en\/wp-json\/wp\/v2\/product_tag?post=4705"}],"curies":[{"name":"wp","href":"https:\/\/api.w.org\/{rel}","templated":true}]}}