{"id":4717,"date":"2022-06-26T19:09:11","date_gmt":"2022-06-26T19:09:51","guid":{"rendered":"https:\/\/kindart.is\/product\/palladomar\/"},"modified":"2022-06-26T19:09:51","modified_gmt":"2022-06-26T19:09:51","slug":"palladomar-2","status":"publish","type":"product","link":"https:\/\/kindart.is\/en\/vara\/palladomar-2\/","title":{"rendered":"Pallad\u00f3mar"},"content":{"rendered":"<p><strong>Pallad\u00f3mar<\/strong> . About MPs 1925 by Magn\u00fas Magn\u00fasson, editor of Storms (1892-1978). Short episodes with drawings of some of them. The book is 19.5 X 13.3 cm and 132 pages. to size. Tied in rexin on keel and corner and lined with old marble paper. Invalid.<\/p>\n<p><strong>Publishing and printing<\/strong> :<br \/>\nPublisher not mentioned, Reykjav\u00edk 1925. The Gutenberg printing works.<\/p>\n","protected":false},"excerpt":{"rendered":"<p>Pallad\u00f3mar . About MPs 1925 by Magn\u00fas Magn\u00fasson, editor of Storms (1892-1978). Short episodes with drawings of some of them. The book is 19.5 X 13.3 cm and 132 pages. to size. Tied in rexin on keel and corner and lined with old marble paper. Invalid. Publishing and printing : Publisher not mentioned, Reykjav\u00edk 1925. [&hellip;]<\/p>\n","protected":false},"featured_media":4715,"template":"","meta":{"slim_seo":{"title":"Pallad\u00f3mar - KindArt","description":"Pallad\u00f3mar . About MPs 1925 by Magn\u00fas Magn\u00fasson, editor of Storms (1892-1978). Short episodes with drawings of some of them. The book is 19.5 X 13.3 cm and 132"}},"product_brand":[],"product_cat":[83],"product_tag":[],"class_list":{"0":"post-4717","1":"product","2":"type-product","3":"status-publish","4":"has-post-thumbnail","6":"product_cat-books","7":"product_shipping_class-small-en","9":"first","10":"instock","11":"sold-individually","12":"purchasable","13":"product-type-simple"},"_links":{"self":[{"href":"https:\/\/kindart.is\/en\/wp-json\/wp\/v2\/product\/4717","targetHints":{"allow":["GET"]}}],"collection":[{"href":"https:\/\/kindart.is\/en\/wp-json\/wp\/v2\/product"}],"about":[{"href":"https:\/\/kindart.is\/en\/wp-json\/wp\/v2\/types\/product"}],"wp:featuredmedia":[{"embeddable":true,"href":"https:\/\/kindart.is\/en\/wp-json\/wp\/v2\/media\/4715"}],"wp:attachment":[{"href":"https:\/\/kindart.is\/en\/wp-json\/wp\/v2\/media?parent=4717"}],"wp:term":[{"taxonomy":"product_brand","embeddable":true,"href":"https:\/\/kindart.is\/en\/wp-json\/wp\/v2\/product_brand?post=4717"},{"taxonomy":"product_cat","embeddable":true,"href":"https:\/\/kindart.is\/en\/wp-json\/wp\/v2\/product_cat?post=4717"},{"taxonomy":"product_tag","embeddable":true,"href":"https:\/\/kindart.is\/en\/wp-json\/wp\/v2\/product_tag?post=4717"}],"curies":[{"name":"wp","href":"https:\/\/api.w.org\/{rel}","templated":true}]}}