{"id":4724,"date":"2022-06-26T19:13:28","date_gmt":"2022-06-26T19:14:14","guid":{"rendered":"https:\/\/kindart.is\/product\/rhymes-by-bernotus-borneyjarkappa\/"},"modified":"2022-06-26T19:14:14","modified_gmt":"2022-06-26T19:14:14","slug":"rimur-af-bernotus-borneyjarkappa-2","status":"publish","type":"product","link":"https:\/\/kindart.is\/en\/vara\/rimur-af-bernotus-borneyjarkappa-2\/","title":{"rendered":"Rhymes by Bern\u00f3tus Borneyjarkappa"},"content":{"rendered":"<p><strong>Rhymes by Bern\u00f3tus Borneyjarkappa<\/strong> , sung in 1823 for Reverend Gunnlaug Gunnlaugsson at Kvennabrekka by Magn\u00fas in Magn\u00fassk\u00f3gar. Another edition improved and expanded with the author&#8217;s biography.<\/p>\n<p><strong>Publishing and printing<\/strong> :<br \/>\nPublisher not mentioned. Reykjav\u00edk 1907. Dav\u00ed\u00f0 \u00d6stlund&#8217;s printing works.<\/p>\n<p>Antiques.<\/p>\n","protected":false},"excerpt":{"rendered":"<p>Rhymes by Bern\u00f3tus Borneyjarkappa , sung in 1823 for Reverend Gunnlaug Gunnlaugsson at Kvennabrekka by Magn\u00fas in Magn\u00fassk\u00f3gar. Another edition improved and expanded with the author&#8217;s biography. Publishing and printing : Publisher not mentioned. Reykjav\u00edk 1907. Dav\u00ed\u00f0 \u00d6stlund&#8217;s printing works. Antiques.<\/p>\n","protected":false},"featured_media":4720,"template":"","meta":{"slim_seo":{"title":"Rhymes by Bern\u00f3tus Borneyjarkappa - KindArt","description":"Rhymes by Bern\u00f3tus Borneyjarkappa , sung in 1823 for Reverend Gunnlaug Gunnlaugsson at Kvennabrekka by Magn\u00fas in Magn\u00fassk\u00f3gar. Another edition improved and expa"}},"product_brand":[],"product_cat":[83],"product_tag":[],"class_list":{"0":"post-4724","1":"product","2":"type-product","3":"status-publish","4":"has-post-thumbnail","6":"product_cat-books","7":"product_shipping_class-small-en","9":"first","10":"instock","11":"sold-individually","12":"purchasable","13":"product-type-simple"},"_links":{"self":[{"href":"https:\/\/kindart.is\/en\/wp-json\/wp\/v2\/product\/4724","targetHints":{"allow":["GET"]}}],"collection":[{"href":"https:\/\/kindart.is\/en\/wp-json\/wp\/v2\/product"}],"about":[{"href":"https:\/\/kindart.is\/en\/wp-json\/wp\/v2\/types\/product"}],"wp:featuredmedia":[{"embeddable":true,"href":"https:\/\/kindart.is\/en\/wp-json\/wp\/v2\/media\/4720"}],"wp:attachment":[{"href":"https:\/\/kindart.is\/en\/wp-json\/wp\/v2\/media?parent=4724"}],"wp:term":[{"taxonomy":"product_brand","embeddable":true,"href":"https:\/\/kindart.is\/en\/wp-json\/wp\/v2\/product_brand?post=4724"},{"taxonomy":"product_cat","embeddable":true,"href":"https:\/\/kindart.is\/en\/wp-json\/wp\/v2\/product_cat?post=4724"},{"taxonomy":"product_tag","embeddable":true,"href":"https:\/\/kindart.is\/en\/wp-json\/wp\/v2\/product_tag?post=4724"}],"curies":[{"name":"wp","href":"https:\/\/api.w.org\/{rel}","templated":true}]}}