{"id":4729,"date":"2022-06-26T19:17:31","date_gmt":"2022-06-26T19:18:26","guid":{"rendered":"https:\/\/kindart.is\/product\/rhymes-by-gesti-bardarson\/"},"modified":"2022-06-26T19:18:26","modified_gmt":"2022-06-26T19:18:26","slug":"rhymes-of-guests-bardarson","status":"publish","type":"product","link":"https:\/\/kindart.is\/en\/vara\/rhymes-of-guests-bardarson\/","title":{"rendered":"Rhymes by Gesti B\u00e1r\u00f0arson"},"content":{"rendered":"<p><strong>Rhymes by Gesti B\u00e1r\u00f0arson<\/strong> , written by doctor Benedikt Einarsson 1835. The book is unbound, but bound together with sewing thread, in a poor protective cover. 19.5 X 13 cm and 80 pages. to size.<\/p>\n<p><strong>Publishing and printing<\/strong> :<br \/>\nHost: Sk\u00fali Thoroddsen. Bessasta\u00f0ir 1908. \u00dej\u00f3\u00f0viljan&#8217;s printing works.<\/p>\n<p>Antiques.<\/p>\n","protected":false},"excerpt":{"rendered":"<p>Rhymes by Gesti B\u00e1r\u00f0arson , written by doctor Benedikt Einarsson 1835. The book is unbound, but bound together with sewing thread, in a poor protective cover. 19.5 X 13 cm and 80 pages. to size. Publishing and printing : Host: Sk\u00fali Thoroddsen. Bessasta\u00f0ir 1908. \u00dej\u00f3\u00f0viljan&#8217;s printing works. Antiques.<\/p>\n","protected":false},"featured_media":4727,"template":"","meta":{"slim_seo":{"title":"Rhymes by Gesti B\u00e1r\u00f0arson - KindArt","description":"Rhymes by Gesti B\u00e1r\u00f0arson , written by doctor Benedikt Einarsson 1835. The book is unbound, but bound together with sewing thread, in a poor protective cover. 1"}},"product_brand":[],"product_cat":[83],"product_tag":[],"class_list":{"0":"post-4729","1":"product","2":"type-product","3":"status-publish","4":"has-post-thumbnail","6":"product_cat-books","7":"product_shipping_class-small-en","9":"first","10":"instock","11":"sold-individually","12":"purchasable","13":"product-type-simple"},"_links":{"self":[{"href":"https:\/\/kindart.is\/en\/wp-json\/wp\/v2\/product\/4729","targetHints":{"allow":["GET"]}}],"collection":[{"href":"https:\/\/kindart.is\/en\/wp-json\/wp\/v2\/product"}],"about":[{"href":"https:\/\/kindart.is\/en\/wp-json\/wp\/v2\/types\/product"}],"wp:featuredmedia":[{"embeddable":true,"href":"https:\/\/kindart.is\/en\/wp-json\/wp\/v2\/media\/4727"}],"wp:attachment":[{"href":"https:\/\/kindart.is\/en\/wp-json\/wp\/v2\/media?parent=4729"}],"wp:term":[{"taxonomy":"product_brand","embeddable":true,"href":"https:\/\/kindart.is\/en\/wp-json\/wp\/v2\/product_brand?post=4729"},{"taxonomy":"product_cat","embeddable":true,"href":"https:\/\/kindart.is\/en\/wp-json\/wp\/v2\/product_cat?post=4729"},{"taxonomy":"product_tag","embeddable":true,"href":"https:\/\/kindart.is\/en\/wp-json\/wp\/v2\/product_tag?post=4729"}],"curies":[{"name":"wp","href":"https:\/\/api.w.org\/{rel}","templated":true}]}}