{"id":4735,"date":"2022-06-26T19:22:21","date_gmt":"2022-06-26T19:23:06","guid":{"rendered":"https:\/\/kindart.is\/product\/riss\/"},"modified":"2022-06-26T19:23:06","modified_gmt":"2022-06-26T19:23:06","slug":"riss-2","status":"publish","type":"product","link":"https:\/\/kindart.is\/en\/vara\/riss-2\/","title":{"rendered":"Riss"},"content":{"rendered":"<p><strong>Riss<\/strong> . Short articles on various topics by \u00deorstein G\u00edslason. The book is unbound but sewn in a blue cover, 19.5 X 13 cm and 76 pages. to size. On the front cover is a book advertisement for the book &#8220;Quo vadis&#8221;, while on the back cover is an advertisement for the monthly magazine &#8220;\u00d3\u00f0inn&#8221;.<\/p>\n<p><strong>Publishing and printing<\/strong> :<br \/>\nPublisher and place of publication not mentioned,[1905] Sey\u00f0isfj\u00f6r\u00f0ur and Gutenberg printing works.<\/p>\n<p>Antiques.<\/p>\n","protected":false},"excerpt":{"rendered":"<p>Riss . Short articles on various topics by \u00deorstein G\u00edslason. The book is unbound but sewn in a blue cover, 19.5 X 13 cm and 76 pages. to size. On the front cover is a book advertisement for the book &#8220;Quo vadis&#8221;, while on the back cover is an advertisement for the monthly magazine &#8220;\u00d3\u00f0inn&#8221;. [&hellip;]<\/p>\n","protected":false},"featured_media":4732,"template":"","meta":{"slim_seo":{"title":"Riss - KindArt","description":"Riss . Short articles on various topics by \u00deorstein G\u00edslason. The book is unbound but sewn in a blue cover, 19.5 X 13 cm and 76 pages. to size. On the front cov"}},"product_brand":[],"product_cat":[83],"product_tag":[],"class_list":{"0":"post-4735","1":"product","2":"type-product","3":"status-publish","4":"has-post-thumbnail","6":"product_cat-books","7":"product_shipping_class-small-en","9":"first","10":"instock","11":"sold-individually","12":"purchasable","13":"product-type-simple"},"_links":{"self":[{"href":"https:\/\/kindart.is\/en\/wp-json\/wp\/v2\/product\/4735","targetHints":{"allow":["GET"]}}],"collection":[{"href":"https:\/\/kindart.is\/en\/wp-json\/wp\/v2\/product"}],"about":[{"href":"https:\/\/kindart.is\/en\/wp-json\/wp\/v2\/types\/product"}],"wp:featuredmedia":[{"embeddable":true,"href":"https:\/\/kindart.is\/en\/wp-json\/wp\/v2\/media\/4732"}],"wp:attachment":[{"href":"https:\/\/kindart.is\/en\/wp-json\/wp\/v2\/media?parent=4735"}],"wp:term":[{"taxonomy":"product_brand","embeddable":true,"href":"https:\/\/kindart.is\/en\/wp-json\/wp\/v2\/product_brand?post=4735"},{"taxonomy":"product_cat","embeddable":true,"href":"https:\/\/kindart.is\/en\/wp-json\/wp\/v2\/product_cat?post=4735"},{"taxonomy":"product_tag","embeddable":true,"href":"https:\/\/kindart.is\/en\/wp-json\/wp\/v2\/product_tag?post=4735"}],"curies":[{"name":"wp","href":"https:\/\/api.w.org\/{rel}","templated":true}]}}