{"id":4740,"date":"2022-06-26T19:26:12","date_gmt":"2022-06-26T19:26:50","guid":{"rendered":"https:\/\/kindart.is\/product\/six-days-of-creation\/"},"modified":"2022-06-26T19:26:50","modified_gmt":"2022-06-26T19:26:50","slug":"the-six-day-creation","status":"publish","type":"product","link":"https:\/\/kindart.is\/en\/vara\/the-six-day-creation\/","title":{"rendered":"Six days of creation"},"content":{"rendered":"<p><strong>Six Days of Creation<\/strong> &#8211; The Bible is Right, Its Opponents Are Wrong, by WR Bradlaugh. &#8211; This publication is one sheet (16 pages) 20 X 12.7 cm, without cover and was a supplement to &#8220;Fr\u00e6kornsinn&#8221;. Has originally been wire-bound, but is no longer.<\/p>\n<p><strong>Publishing and printing<\/strong> :<br \/>\nPublisher: Fri\u00f0rik H. J\u00f3nes, H\u00fasav\u00edk 1900. Century Printing Workshop.<\/p>\n<p>Antiques.<\/p>\n","protected":false},"excerpt":{"rendered":"<p>Six Days of Creation &#8211; The Bible is Right, Its Opponents Are Wrong, by WR Bradlaugh. &#8211; This publication is one sheet (16 pages) 20 X 12.7 cm, without cover and was a supplement to &#8220;Fr\u00e6kornsinn&#8221;. Has originally been wire-bound, but is no longer. Publishing and printing : Publisher: Fri\u00f0rik H. J\u00f3nes, H\u00fasav\u00edk 1900. Century [&hellip;]<\/p>\n","protected":false},"featured_media":4738,"template":"","meta":{"slim_seo":{"title":"Six days of creation - KindArt","description":"Six Days of Creation - The Bible is Right, Its Opponents Are Wrong, by WR Bradlaugh. - This publication is one sheet (16 pages) 20 X 12.7 cm, without cover and"}},"product_brand":[],"product_cat":[83],"product_tag":[],"class_list":{"0":"post-4740","1":"product","2":"type-product","3":"status-publish","4":"has-post-thumbnail","6":"product_cat-books","7":"product_shipping_class-small-en","9":"first","10":"instock","11":"sold-individually","12":"purchasable","13":"product-type-simple"},"_links":{"self":[{"href":"https:\/\/kindart.is\/en\/wp-json\/wp\/v2\/product\/4740","targetHints":{"allow":["GET"]}}],"collection":[{"href":"https:\/\/kindart.is\/en\/wp-json\/wp\/v2\/product"}],"about":[{"href":"https:\/\/kindart.is\/en\/wp-json\/wp\/v2\/types\/product"}],"wp:featuredmedia":[{"embeddable":true,"href":"https:\/\/kindart.is\/en\/wp-json\/wp\/v2\/media\/4738"}],"wp:attachment":[{"href":"https:\/\/kindart.is\/en\/wp-json\/wp\/v2\/media?parent=4740"}],"wp:term":[{"taxonomy":"product_brand","embeddable":true,"href":"https:\/\/kindart.is\/en\/wp-json\/wp\/v2\/product_brand?post=4740"},{"taxonomy":"product_cat","embeddable":true,"href":"https:\/\/kindart.is\/en\/wp-json\/wp\/v2\/product_cat?post=4740"},{"taxonomy":"product_tag","embeddable":true,"href":"https:\/\/kindart.is\/en\/wp-json\/wp\/v2\/product_tag?post=4740"}],"curies":[{"name":"wp","href":"https:\/\/api.w.org\/{rel}","templated":true}]}}