{"id":4762,"date":"2022-06-26T19:37:59","date_gmt":"2022-06-26T19:38:35","guid":{"rendered":"https:\/\/kindart.is\/product\/western-icelanders\/"},"modified":"2022-06-26T19:38:35","modified_gmt":"2022-06-26T19:38:35","slug":"western-icelanders","status":"publish","type":"product","link":"https:\/\/kindart.is\/en\/vara\/western-icelanders\/","title":{"rendered":"Western Icelanders"},"content":{"rendered":"<p><strong>Western Icelanders<\/strong> &#8211; Lecture by Einar Hj\u00f6rleifsson. Moved to Reykjav\u00edk on November 2, 1895. Stamp on title page: Oval with the letters: Lestrarfjel Laxd\u00e6lingar No 228[t\u00f6lur skrifstafir] . The booklet is unbound but sewn and in a blue coat, 17.1 X 11 cm and 36 pages. to size. Protective cover around.<\/p>\n<p><strong>Publishing and printing<\/strong> :<br \/>\nSigf\u00fas Eymundsson&#8217;s Bookstore, Reykjav\u00edk 1895. \u00cdsafold Printing Workshop<\/p>\n<p>Antiques.<\/p>\n","protected":false},"excerpt":{"rendered":"<p>Western Icelanders &#8211; Lecture by Einar Hj\u00f6rleifsson. Moved to Reykjav\u00edk on November 2, 1895. Stamp on title page: Oval with the letters: Lestrarfjel Laxd\u00e6lingar No 228[t\u00f6lur skrifstafir] . The booklet is unbound but sewn and in a blue coat, 17.1 X 11 cm and 36 pages. to size. Protective cover around. Publishing and printing : [&hellip;]<\/p>\n","protected":false},"featured_media":4758,"template":"","meta":{"slim_seo":{"title":"Western Icelanders - KindArt","description":"Western Icelanders - Lecture by Einar Hj\u00f6rleifsson. Moved to Reykjav\u00edk on November 2, 1895. Stamp on title page: Oval with the letters: Lestrarfjel Laxd\u00e6lingar"}},"product_brand":[],"product_cat":[83],"product_tag":[],"class_list":{"0":"post-4762","1":"product","2":"type-product","3":"status-publish","4":"has-post-thumbnail","6":"product_cat-books","7":"product_shipping_class-small-en","9":"first","10":"instock","11":"sold-individually","12":"purchasable","13":"product-type-simple"},"_links":{"self":[{"href":"https:\/\/kindart.is\/en\/wp-json\/wp\/v2\/product\/4762","targetHints":{"allow":["GET"]}}],"collection":[{"href":"https:\/\/kindart.is\/en\/wp-json\/wp\/v2\/product"}],"about":[{"href":"https:\/\/kindart.is\/en\/wp-json\/wp\/v2\/types\/product"}],"wp:featuredmedia":[{"embeddable":true,"href":"https:\/\/kindart.is\/en\/wp-json\/wp\/v2\/media\/4758"}],"wp:attachment":[{"href":"https:\/\/kindart.is\/en\/wp-json\/wp\/v2\/media?parent=4762"}],"wp:term":[{"taxonomy":"product_brand","embeddable":true,"href":"https:\/\/kindart.is\/en\/wp-json\/wp\/v2\/product_brand?post=4762"},{"taxonomy":"product_cat","embeddable":true,"href":"https:\/\/kindart.is\/en\/wp-json\/wp\/v2\/product_cat?post=4762"},{"taxonomy":"product_tag","embeddable":true,"href":"https:\/\/kindart.is\/en\/wp-json\/wp\/v2\/product_tag?post=4762"}],"curies":[{"name":"wp","href":"https:\/\/api.w.org\/{rel}","templated":true}]}}