{"id":4769,"date":"2022-06-26T19:41:39","date_gmt":"2022-06-26T19:42:18","guid":{"rendered":"https:\/\/kindart.is\/product\/western-interpreter\/"},"modified":"2022-06-26T19:42:18","modified_gmt":"2022-06-26T19:42:18","slug":"western-interpreter","status":"publish","type":"product","link":"https:\/\/kindart.is\/en\/vara\/western-interpreter\/","title":{"rendered":"Western interpreter"},"content":{"rendered":"<p><strong>Western interpreter<\/strong> . English textbook for the general public by J\u00f3n \u00d3lafsson. In order to become self-sufficient in the matter in a short time completely unannounced. The book is bound in a school binding: sewn, glued fecal sheets, carded, shirting on the keel, cut, cladding,<br \/>\nprinted front, rounded corners and front formations. Size: 16 X 11 cm and 116 pages.<\/p>\n<p><strong>Publishing and printing<\/strong> :<br \/>\nPublisher: Sigf\u00fas Eymundsson&#8217;s Bookstore. Reykjav\u00edk 1890. Second edition, revised and expanded. Sigf\u00fas Eymundsson&#8217;s printing works.<\/p>\n<p>Antiques.<\/p>\n","protected":false},"excerpt":{"rendered":"<p>Western interpreter . English textbook for the general public by J\u00f3n \u00d3lafsson. In order to become self-sufficient in the matter in a short time completely unannounced. The book is bound in a school binding: sewn, glued fecal sheets, carded, shirting on the keel, cut, cladding, printed front, rounded corners and front formations. Size: 16 X [&hellip;]<\/p>\n","protected":false},"featured_media":4765,"template":"","meta":{"slim_seo":{"title":"Western interpreter - KindArt","description":"Western interpreter . English textbook for the general public by J\u00f3n \u00d3lafsson. In order to become self-sufficient in the matter in a short time completely unann"}},"product_brand":[],"product_cat":[83],"product_tag":[],"class_list":{"0":"post-4769","1":"product","2":"type-product","3":"status-publish","4":"has-post-thumbnail","6":"product_cat-books","7":"product_shipping_class-small-en","9":"first","10":"outofstock","11":"sold-individually","12":"purchasable","13":"product-type-simple"},"_links":{"self":[{"href":"https:\/\/kindart.is\/en\/wp-json\/wp\/v2\/product\/4769","targetHints":{"allow":["GET"]}}],"collection":[{"href":"https:\/\/kindart.is\/en\/wp-json\/wp\/v2\/product"}],"about":[{"href":"https:\/\/kindart.is\/en\/wp-json\/wp\/v2\/types\/product"}],"wp:featuredmedia":[{"embeddable":true,"href":"https:\/\/kindart.is\/en\/wp-json\/wp\/v2\/media\/4765"}],"wp:attachment":[{"href":"https:\/\/kindart.is\/en\/wp-json\/wp\/v2\/media?parent=4769"}],"wp:term":[{"taxonomy":"product_brand","embeddable":true,"href":"https:\/\/kindart.is\/en\/wp-json\/wp\/v2\/product_brand?post=4769"},{"taxonomy":"product_cat","embeddable":true,"href":"https:\/\/kindart.is\/en\/wp-json\/wp\/v2\/product_cat?post=4769"},{"taxonomy":"product_tag","embeddable":true,"href":"https:\/\/kindart.is\/en\/wp-json\/wp\/v2\/product_tag?post=4769"}],"curies":[{"name":"wp","href":"https:\/\/api.w.org\/{rel}","templated":true}]}}