{"id":4776,"date":"2022-06-26T19:47:25","date_gmt":"2022-06-26T19:48:01","guid":{"rendered":"https:\/\/kindart.is\/product\/superior-womens-book\/"},"modified":"2022-06-26T19:48:01","modified_gmt":"2022-06-26T19:48:01","slug":"senior-womens-book","status":"publish","type":"product","link":"https:\/\/kindart.is\/en\/vara\/senior-womens-book\/","title":{"rendered":"Superior Women&#8217;s Book"},"content":{"rendered":"<p><strong>Superior Women<\/strong> &#8216;s Book. Superior Women&#8217;s Regulations 9. March 1914.<br \/>\nSurvey of women in childbirth &#8211; Announcement of a woman in childbirth &#8211; Birth book &#8211; Announcement of childbirth &#8211; Pregnancy calendar.<br \/>\nThe book is bound in a school binding: sewn, fecal sheets, panels, shirt on the keel, cut, cladding, printed on the front and back. Size: 17.8 X 11.7 cm and 26 pages.<\/p>\n<p><strong>Publishing and printing<\/strong> :<br \/>\nIssued at the expense of the national treasury. Reykjav\u00edk 1914. \u00cdsafoldarprentsmi\u00f0ja.<\/p>\n<p>Antiques.<\/p>\n","protected":false},"excerpt":{"rendered":"<p>Superior Women &#8216;s Book. Superior Women&#8217;s Regulations 9. March 1914. Survey of women in childbirth &#8211; Announcement of a woman in childbirth &#8211; Birth book &#8211; Announcement of childbirth &#8211; Pregnancy calendar. The book is bound in a school binding: sewn, fecal sheets, panels, shirt on the keel, cut, cladding, printed on the front and [&hellip;]<\/p>\n","protected":false},"featured_media":4772,"template":"","meta":{"slim_seo":{"title":"Superior Women's Book - KindArt","description":"Superior Women 's Book. Superior Women's Regulations 9. March 1914. Survey of women in childbirth - Announcement of a woman in childbirth - Birth book - Announc"}},"product_brand":[],"product_cat":[83],"product_tag":[],"class_list":{"0":"post-4776","1":"product","2":"type-product","3":"status-publish","4":"has-post-thumbnail","6":"product_cat-books","7":"product_shipping_class-small-en","9":"first","10":"outofstock","11":"sold-individually","12":"purchasable","13":"product-type-simple"},"_links":{"self":[{"href":"https:\/\/kindart.is\/en\/wp-json\/wp\/v2\/product\/4776","targetHints":{"allow":["GET"]}}],"collection":[{"href":"https:\/\/kindart.is\/en\/wp-json\/wp\/v2\/product"}],"about":[{"href":"https:\/\/kindart.is\/en\/wp-json\/wp\/v2\/types\/product"}],"wp:featuredmedia":[{"embeddable":true,"href":"https:\/\/kindart.is\/en\/wp-json\/wp\/v2\/media\/4772"}],"wp:attachment":[{"href":"https:\/\/kindart.is\/en\/wp-json\/wp\/v2\/media?parent=4776"}],"wp:term":[{"taxonomy":"product_brand","embeddable":true,"href":"https:\/\/kindart.is\/en\/wp-json\/wp\/v2\/product_brand?post=4776"},{"taxonomy":"product_cat","embeddable":true,"href":"https:\/\/kindart.is\/en\/wp-json\/wp\/v2\/product_cat?post=4776"},{"taxonomy":"product_tag","embeddable":true,"href":"https:\/\/kindart.is\/en\/wp-json\/wp\/v2\/product_tag?post=4776"}],"curies":[{"name":"wp","href":"https:\/\/api.w.org\/{rel}","templated":true}]}}