{"id":4801,"date":"2022-07-01T12:13:15","date_gmt":"2022-07-01T12:13:50","guid":{"rendered":"https:\/\/kindart.is\/product\/home-old-home\/"},"modified":"2022-07-01T12:13:50","modified_gmt":"2022-07-01T12:13:50","slug":"home-old","status":"publish","type":"product","link":"https:\/\/kindart.is\/en\/vara\/home-old\/","title":{"rendered":"HOME (old HOME)"},"content":{"rendered":"<p><strong>HEIMA<\/strong> (old HEIMA) came out monthly. The paper&#8217;s editor was Karl Strand (1911-1998). It was printed in brown and the size was 36.5 X 25 cm which was unusual. The magazine&#8217;s content was varied and many pictures adorned the magazine, but it was mainly written about various household issues and about the activities of the cooperatives and Kron. The paper in the paper was woody and has not lasted well. The staples were wire stapled and cut.<\/p>\n<p><strong>Publishing and printing<\/strong> :<br \/>\nPublisher: P\u00f6ntunarf\u00e9lag verkamanna \u00ed Reykjav\u00edk 1937-1938. The paper was mostly printed in \u00cdsafoldarprentsmi\u00f0ja, but the last two papers in large form were printed in Prentsmi\u00f0jan Edda. 1.\u00e1rg. 1937 was 10 issues and 2nd year. 1938 was 5 issues.<\/p>\n","protected":false},"excerpt":{"rendered":"<p>HEIMA (old HEIMA) came out monthly. The paper&#8217;s editor was Karl Strand (1911-1998). It was printed in brown and the size was 36.5 X 25 cm which was unusual. The magazine&#8217;s content was varied and many pictures adorned the magazine, but it was mainly written about various household issues and about the activities of the [&hellip;]<\/p>\n","protected":false},"featured_media":4797,"template":"","meta":{"slim_seo":{"title":"HOME (old HOME) - KindArt","description":"HEIMA (old HEIMA) came out monthly. The paper's editor was Karl Strand (1911-1998). It was printed in brown and the size was 36.5 X 25 cm which was unusual. The"}},"product_brand":[],"product_cat":[83],"product_tag":[],"class_list":{"0":"post-4801","1":"product","2":"type-product","3":"status-publish","4":"has-post-thumbnail","6":"product_cat-books","7":"product_shipping_class-small-en","9":"first","10":"instock","11":"sold-individually","12":"purchasable","13":"product-type-simple"},"_links":{"self":[{"href":"https:\/\/kindart.is\/en\/wp-json\/wp\/v2\/product\/4801","targetHints":{"allow":["GET"]}}],"collection":[{"href":"https:\/\/kindart.is\/en\/wp-json\/wp\/v2\/product"}],"about":[{"href":"https:\/\/kindart.is\/en\/wp-json\/wp\/v2\/types\/product"}],"wp:featuredmedia":[{"embeddable":true,"href":"https:\/\/kindart.is\/en\/wp-json\/wp\/v2\/media\/4797"}],"wp:attachment":[{"href":"https:\/\/kindart.is\/en\/wp-json\/wp\/v2\/media?parent=4801"}],"wp:term":[{"taxonomy":"product_brand","embeddable":true,"href":"https:\/\/kindart.is\/en\/wp-json\/wp\/v2\/product_brand?post=4801"},{"taxonomy":"product_cat","embeddable":true,"href":"https:\/\/kindart.is\/en\/wp-json\/wp\/v2\/product_cat?post=4801"},{"taxonomy":"product_tag","embeddable":true,"href":"https:\/\/kindart.is\/en\/wp-json\/wp\/v2\/product_tag?post=4801"}],"curies":[{"name":"wp","href":"https:\/\/api.w.org\/{rel}","templated":true}]}}