{"id":4839,"date":"2022-07-01T12:39:44","date_gmt":"2022-07-01T12:40:41","guid":{"rendered":"https:\/\/kindart.is\/product\/the-settler-old\/"},"modified":"2022-07-01T12:40:41","modified_gmt":"2022-07-01T12:40:41","slug":"the-settler-old","status":"publish","type":"product","link":"https:\/\/kindart.is\/en\/vara\/the-settler-old\/","title":{"rendered":"The Settler (Old)"},"content":{"rendered":"<p><strong>Landneminn<\/strong> (Gamli) was published for 5 years, from 1938-1943. Editors and guarantors were: Gu\u00f0mundur Vigf\u00fasson, Stef\u00e1n O. Magn\u00fasson, \u00c1rni Beck, Hallgr\u00edmur Hallgr\u00edmsson, Gestur \u00deorgr\u00edmsson, \u00c1smundur Sigurj\u00f3nsson and \u00d3lafur J\u00f3hann Sigur\u00f0sson. Wire-bound sheets. The magazine&#8217;s topics are mainly political articles about the Soviet Union, the war and the Icelandic trade union movement, and sometimes poems are published. The blade is very different in size as shown in the table below. It was printed on poor newsprint in the first years so those papers have become quite worn, but since May 1942 the paper was better and those papers have been well preserved.<\/p>\n<p><strong>Larger fragment<\/strong> : Title page is 37 X 26 cm<br \/>\n1st year 1. tbl. 1938 is 37 X 25 cm<br \/>\n2nd year 1. tbl. 1939 is 38 X 25.5 cm<br \/>\n2nd year 2. tbl. 1939 is 37.3 X 27 cm<br \/>\n2.\u00e1rg. 3.tbl. 1939 is 36.5 X 25 cm<br \/>\n2.\u00e1rg. 4.tbl. 1939 is 36.5 X 24.5 cm<br \/>\n2.\u00e1rg. 5.tbl. 1939 is 37.6 X 25.2 cm<br \/>\n1 sheet is missing here.<br \/>\n3rd year 2.tbl. 1941 is 40 X 27.5 cm<br \/>\n3rd year 3.tbl. 1941 is 40 X 27.5 cm<\/p>\n<p><strong>Minor breaks<\/strong> :<br \/>\n3.\u00e1rg 4.tbl. 1941 is 33 X 24 cm<br \/>\n4th year 1.tbl. 1942 is 31.5 X 23.5 cm<br \/>\n4th year 2.tbl. 1942 is 32 X 24.2 cm<br \/>\n4th year 3.tbl. 1942 is 31.5 X 23.5 cm<br \/>\n4th year 4.tbl. 1942 is 31.3 X 23.8 cm<br \/>\n4th year 5.tbl. 1942 is 31 X 23.5 cm<br \/>\n4th year 6.tbl. 1942 is 31.2 X 23.7 cm<br \/>\n5.\u00e1rg. 1.tbl. 1943 is 31.5 X 23.8 cm<br \/>\n5.\u00e1rg. 2.tbl. 1943 is 30.9 X 23.5 cm<br \/>\n5.\u00e1rg. 3.tbl. 1943 is 32 X 24 cm<br \/>\n5.\u00e1rg. 4.-5.tbl. 1943 is 31 X 23.5 cm<\/p>\n<p><strong>Publishing and printing<\/strong> :<br \/>\nPublisher: \u00c6skul\u00fd\u00f0sfylkingin &#8211; Samband ungra s\u00f3s\u00edalista Reykjav\u00edk. Viking print.<\/p>\n","protected":false},"excerpt":{"rendered":"<p>Landneminn (Gamli) was published for 5 years, from 1938-1943. Editors and guarantors were: Gu\u00f0mundur Vigf\u00fasson, Stef\u00e1n O. Magn\u00fasson, \u00c1rni Beck, Hallgr\u00edmur Hallgr\u00edmsson, Gestur \u00deorgr\u00edmsson, \u00c1smundur Sigurj\u00f3nsson and \u00d3lafur J\u00f3hann Sigur\u00f0sson. Wire-bound sheets. The magazine&#8217;s topics are mainly political articles about the Soviet Union, the war and the Icelandic trade union movement, and sometimes poems are [&hellip;]<\/p>\n","protected":false},"featured_media":4827,"template":"","meta":{"slim_seo":{"title":"The Settler (Old) - KindArt","description":"Landneminn (Gamli) was published for 5 years, from 1938-1943. Editors and guarantors were: Gu\u00f0mundur Vigf\u00fasson, Stef\u00e1n O. Magn\u00fasson, \u00c1rni Beck, Hallgr\u00edmur Hallg"}},"product_brand":[],"product_cat":[83],"product_tag":[],"class_list":{"0":"post-4839","1":"product","2":"type-product","3":"status-publish","4":"has-post-thumbnail","6":"product_cat-books","7":"product_shipping_class-small-en","9":"first","10":"outofstock","11":"sold-individually","12":"purchasable","13":"product-type-simple"},"_links":{"self":[{"href":"https:\/\/kindart.is\/en\/wp-json\/wp\/v2\/product\/4839","targetHints":{"allow":["GET"]}}],"collection":[{"href":"https:\/\/kindart.is\/en\/wp-json\/wp\/v2\/product"}],"about":[{"href":"https:\/\/kindart.is\/en\/wp-json\/wp\/v2\/types\/product"}],"wp:featuredmedia":[{"embeddable":true,"href":"https:\/\/kindart.is\/en\/wp-json\/wp\/v2\/media\/4827"}],"wp:attachment":[{"href":"https:\/\/kindart.is\/en\/wp-json\/wp\/v2\/media?parent=4839"}],"wp:term":[{"taxonomy":"product_brand","embeddable":true,"href":"https:\/\/kindart.is\/en\/wp-json\/wp\/v2\/product_brand?post=4839"},{"taxonomy":"product_cat","embeddable":true,"href":"https:\/\/kindart.is\/en\/wp-json\/wp\/v2\/product_cat?post=4839"},{"taxonomy":"product_tag","embeddable":true,"href":"https:\/\/kindart.is\/en\/wp-json\/wp\/v2\/product_tag?post=4839"}],"curies":[{"name":"wp","href":"https:\/\/api.w.org\/{rel}","templated":true}]}}