{"id":4846,"date":"2022-07-01T12:46:33","date_gmt":"2022-07-01T12:47:12","guid":{"rendered":"https:\/\/kindart.is\/product\/the-inspirations-of-hallbjorn-halldorsson\/"},"modified":"2022-07-01T12:47:12","modified_gmt":"2022-07-01T12:47:12","slug":"hugvekjur-hallbjarnar-halldorssonar-2","status":"publish","type":"product","link":"https:\/\/kindart.is\/en\/vara\/hugvekjur-hallbjarnar-halldorssonar-2\/","title":{"rendered":"The inspirations of Hallbj\u00f6rn Halld\u00f3rsson"},"content":{"rendered":"<p><strong>The inspirations of Hallbj\u00f6rn Halld\u00f3rsson<\/strong> . Sample book of Hallbj\u00f6rn&#8217;s works and bibliography. Introduction by Halld\u00f3r Laxness. Bj\u00f6rk Ingimundard\u00f3ttir edited.<br \/>\nThe book has a picture of Hallbj\u00f6rn on the front, 252 pages. and 25.5 X 18.5 cm in size. Sewn, cut and put in a cardboard cover with formations and the name of the book gilded on the front.<\/p>\n<p><strong>Publishing and printing<\/strong> :<br \/>\nPublisher: The Icelandic Printers&#8217; Association Reykjav\u00edk 1974. Installed on a Monotype typewriter at the Gutenberg State Printing Office. Printing: Prentsmi\u00f0jan Oddi. Bookbinding: Sveinab\u00f3kbandi.<\/p>\n","protected":false},"excerpt":{"rendered":"<p>The inspirations of Hallbj\u00f6rn Halld\u00f3rsson . Sample book of Hallbj\u00f6rn&#8217;s works and bibliography. Introduction by Halld\u00f3r Laxness. Bj\u00f6rk Ingimundard\u00f3ttir edited. The book has a picture of Hallbj\u00f6rn on the front, 252 pages. and 25.5 X 18.5 cm in size. Sewn, cut and put in a cardboard cover with formations and the name of the book [&hellip;]<\/p>\n","protected":false},"featured_media":4842,"template":"","meta":{"slim_seo":{"title":"The inspirations of Hallbj\u00f6rn Halld\u00f3rsson - KindArt","description":"The inspirations of Hallbj\u00f6rn Halld\u00f3rsson . Sample book of Hallbj\u00f6rn's works and bibliography. Introduction by Halld\u00f3r Laxness. Bj\u00f6rk Ingimundard\u00f3ttir edited. T"}},"product_brand":[],"product_cat":[83],"product_tag":[],"class_list":{"0":"post-4846","1":"product","2":"type-product","3":"status-publish","4":"has-post-thumbnail","6":"product_cat-books","7":"product_shipping_class-small-en","9":"first","10":"instock","11":"sold-individually","12":"purchasable","13":"product-type-simple"},"_links":{"self":[{"href":"https:\/\/kindart.is\/en\/wp-json\/wp\/v2\/product\/4846","targetHints":{"allow":["GET"]}}],"collection":[{"href":"https:\/\/kindart.is\/en\/wp-json\/wp\/v2\/product"}],"about":[{"href":"https:\/\/kindart.is\/en\/wp-json\/wp\/v2\/types\/product"}],"wp:featuredmedia":[{"embeddable":true,"href":"https:\/\/kindart.is\/en\/wp-json\/wp\/v2\/media\/4842"}],"wp:attachment":[{"href":"https:\/\/kindart.is\/en\/wp-json\/wp\/v2\/media?parent=4846"}],"wp:term":[{"taxonomy":"product_brand","embeddable":true,"href":"https:\/\/kindart.is\/en\/wp-json\/wp\/v2\/product_brand?post=4846"},{"taxonomy":"product_cat","embeddable":true,"href":"https:\/\/kindart.is\/en\/wp-json\/wp\/v2\/product_cat?post=4846"},{"taxonomy":"product_tag","embeddable":true,"href":"https:\/\/kindart.is\/en\/wp-json\/wp\/v2\/product_tag?post=4846"}],"curies":[{"name":"wp","href":"https:\/\/api.w.org\/{rel}","templated":true}]}}