{"id":4859,"date":"2022-07-01T12:55:05","date_gmt":"2022-07-01T12:55:51","guid":{"rendered":"https:\/\/kindart.is\/product\/the-hungarian\/"},"modified":"2022-07-01T12:55:51","modified_gmt":"2022-07-01T12:55:51","slug":"the-young-man","status":"publish","type":"product","link":"https:\/\/kindart.is\/en\/vara\/the-young-man\/","title":{"rendered":"The Hungarian"},"content":{"rendered":"<p><strong>Ungherjinn<\/strong> was published for 5 years, from 1933-1937. Usually no editors or guarantors are specified, except in the 1st issue. 1934 and 2.tbl, 1936, that then Petr\u00edna K. Jakobsson \u00e1bm. It is mostly children and teenagers who write in the magazine. However, there are some poets and writers who contribute material: for example J\u00f3hannes \u00far K\u00f6tlum, \u00d3lafur J\u00f3h. Sigur\u00f0sson and Ragnar J\u00f3hannesson. The sheets are folded but not wire stapled except those printed in F\u00e9lagsprentsmi\u00f0jan. The magazine&#8217;s content is varied, but mainly deals with the interests of children and then mainly working children or poor children. The paper is bad in the papers that are copied, but good in the printed ones. The leaves are very different in size or from 24 X 17.5 cm up to 34 X 22.5 cm. The larger sheets are copied.<\/p>\n<p><strong>Publishing and printing<\/strong> :<br \/>\nPublisher: Ungherjadeild ASV Reykjav\u00edk. Copy: ASV Office Hafnarstr\u00e6ti 18. &#8211; 1.tbl. 1934 is printed in D\u00f6gun &#8211; 2.tbl. 1935 and the papers 1936 are printed in F\u00e9lagsprentsmi\u00f0jan. The other is not known about the place of printing.<\/p>\n<p>1.\u00e1rg. 1933 there are 3 issues, more. &#8211; The first 2 are missing.<br \/>\n2.\u00e1rg. 1934 there are 4 leaves, 1 leaf pr. and (missing 3 sheets more.)<br \/>\n3rd year 1935 there are 2 leaves, 1 plural. and 1 per. and (missing 1 pr.)<br \/>\n4th year 1936 there are 2 issues, pr. (missing May 1 issue)<br \/>\n5.\u00e1rg. 1937 are 1 issue, 1 pr.<br \/>\n6.\u00e1rg. 1938 are 1 issue, pr. (missing)<br \/>\nA total of 13 issues were published, 7 in duplicate and 5 in print<\/p>\n<p>Here are 5 sheets offered: 3.pr. and 2 more. &#8211; 1.\u00e1rg. 3.tbl. + 2.\u00e1rg. 1.tbl. + 3.\u00e1rg. 1.tbl. + 4.\u00e1rg. 2.tbl. + 5.\u00e1rg. 1.tbl.<\/p>\n","protected":false},"excerpt":{"rendered":"<p>Ungherjinn was published for 5 years, from 1933-1937. Usually no editors or guarantors are specified, except in the 1st issue. 1934 and 2.tbl, 1936, that then Petr\u00edna K. Jakobsson \u00e1bm. It is mostly children and teenagers who write in the magazine. However, there are some poets and writers who contribute material: for example J\u00f3hannes \u00far [&hellip;]<\/p>\n","protected":false},"featured_media":4849,"template":"","meta":{"slim_seo":{"title":"The Hungarian - KindArt","description":"Ungherjinn was published for 5 years, from 1933-1937. Usually no editors or guarantors are specified, except in the 1st issue. 1934 and 2.tbl, 1936, that then P"}},"product_brand":[],"product_cat":[83],"product_tag":[],"class_list":{"0":"post-4859","1":"product","2":"type-product","3":"status-publish","4":"has-post-thumbnail","6":"product_cat-books","7":"product_shipping_class-small-en","9":"first","10":"outofstock","11":"sold-individually","12":"purchasable","13":"product-type-simple"},"_links":{"self":[{"href":"https:\/\/kindart.is\/en\/wp-json\/wp\/v2\/product\/4859","targetHints":{"allow":["GET"]}}],"collection":[{"href":"https:\/\/kindart.is\/en\/wp-json\/wp\/v2\/product"}],"about":[{"href":"https:\/\/kindart.is\/en\/wp-json\/wp\/v2\/types\/product"}],"wp:featuredmedia":[{"embeddable":true,"href":"https:\/\/kindart.is\/en\/wp-json\/wp\/v2\/media\/4849"}],"wp:attachment":[{"href":"https:\/\/kindart.is\/en\/wp-json\/wp\/v2\/media?parent=4859"}],"wp:term":[{"taxonomy":"product_brand","embeddable":true,"href":"https:\/\/kindart.is\/en\/wp-json\/wp\/v2\/product_brand?post=4859"},{"taxonomy":"product_cat","embeddable":true,"href":"https:\/\/kindart.is\/en\/wp-json\/wp\/v2\/product_cat?post=4859"},{"taxonomy":"product_tag","embeddable":true,"href":"https:\/\/kindart.is\/en\/wp-json\/wp\/v2\/product_tag?post=4859"}],"curies":[{"name":"wp","href":"https:\/\/api.w.org\/{rel}","templated":true}]}}