{"id":4865,"date":"2022-07-01T15:46:08","date_gmt":"2022-07-01T15:46:53","guid":{"rendered":"https:\/\/kindart.is\/product\/thingtidindi\/"},"modified":"2022-07-01T15:46:53","modified_gmt":"2022-07-01T15:46:53","slug":"thingtidindi-2","status":"publish","type":"product","link":"https:\/\/kindart.is\/en\/vara\/thingtidindi-2\/","title":{"rendered":"\u00deingt\u00ed\u00f0indi"},"content":{"rendered":"<p><strong>\u00deingt\u00ed\u00f0indi<\/strong> about the work of the Socialist Party in Al\u00feingi 1941. This paper was published because the paper \u00dej\u00f3\u00f0viljinn was banned by the British occupation forces and 3 of its journalists, including 2 MPs from the party, were forcibly transferred to England. The party therefore had no access to language material to publish its position in parliamentary matters. The sheet is 32.3 X 23.7 cm in size and 4 pages. each sheet.<\/p>\n<p><strong>Publishing and printing<\/strong> :<br \/>\nResponsible person: \u00cdsleifur H\u00f6gnason Reykjav\u00edk. Viking print.<br \/>\nThe paper was published 7. May to 17. June 1941, every 3 to 4 days, a total of 13 issues.<\/p>\n","protected":false},"excerpt":{"rendered":"<p>\u00deingt\u00ed\u00f0indi about the work of the Socialist Party in Al\u00feingi 1941. This paper was published because the paper \u00dej\u00f3\u00f0viljinn was banned by the British occupation forces and 3 of its journalists, including 2 MPs from the party, were forcibly transferred to England. The party therefore had no access to language material to publish its position [&hellip;]<\/p>\n","protected":false},"featured_media":4862,"template":"","meta":{"slim_seo":{"title":"\u00deingt\u00ed\u00f0indi - KindArt","description":"\u00deingt\u00ed\u00f0indi about the work of the Socialist Party in Al\u00feingi 1941. This paper was published because the paper \u00dej\u00f3\u00f0viljinn was banned by the British occupation f"}},"product_brand":[],"product_cat":[83],"product_tag":[],"class_list":{"0":"post-4865","1":"product","2":"type-product","3":"status-publish","4":"has-post-thumbnail","6":"product_cat-books","7":"product_shipping_class-small-en","9":"first","10":"instock","11":"sold-individually","12":"purchasable","13":"product-type-simple"},"_links":{"self":[{"href":"https:\/\/kindart.is\/en\/wp-json\/wp\/v2\/product\/4865","targetHints":{"allow":["GET"]}}],"collection":[{"href":"https:\/\/kindart.is\/en\/wp-json\/wp\/v2\/product"}],"about":[{"href":"https:\/\/kindart.is\/en\/wp-json\/wp\/v2\/types\/product"}],"wp:featuredmedia":[{"embeddable":true,"href":"https:\/\/kindart.is\/en\/wp-json\/wp\/v2\/media\/4862"}],"wp:attachment":[{"href":"https:\/\/kindart.is\/en\/wp-json\/wp\/v2\/media?parent=4865"}],"wp:term":[{"taxonomy":"product_brand","embeddable":true,"href":"https:\/\/kindart.is\/en\/wp-json\/wp\/v2\/product_brand?post=4865"},{"taxonomy":"product_cat","embeddable":true,"href":"https:\/\/kindart.is\/en\/wp-json\/wp\/v2\/product_cat?post=4865"},{"taxonomy":"product_tag","embeddable":true,"href":"https:\/\/kindart.is\/en\/wp-json\/wp\/v2\/product_tag?post=4865"}],"curies":[{"name":"wp","href":"https:\/\/api.w.org\/{rel}","templated":true}]}}