{"id":4884,"date":"2022-07-08T13:03:02","date_gmt":"2022-07-08T13:05:20","guid":{"rendered":"https:\/\/kindart.is\/product\/urania\/"},"modified":"2022-07-08T13:05:20","modified_gmt":"2022-07-08T13:05:20","slug":"urania-2","status":"publish","type":"product","link":"https:\/\/kindart.is\/en\/vara\/urania-2\/","title":{"rendered":"\u00daran\u00eda"},"content":{"rendered":"<p><strong>\u00daran\u00eda<\/strong> eftir Camille Flammarion. B\u00f3kasafn al\u00fe\u00fd\u00f0u \u2013 1. flokkur 3. bindi.<br \/>\nBj\u00f6rn Bjarnason fr\u00e1 Vi\u00f0fir\u00f0i \u00fe\u00fdddi. B\u00f3kin er \u00ed 3 \u00fe\u00e1ttum: Fyrsti \u00fe\u00e1ttur: Stj\u00f6rnud\u00edsin \u2013 2. \u00de\u00e1ttur: Georg Sper\u00f3 \u2013 3. \u00de\u00e1ttur: Himinn og j\u00f6r\u00f0. Margar myndir eru \u00ed b\u00f3kinni. Samt\u00edmaband og b\u00f3kin er bundin \u00ed har\u00f0spj\u00f6ld og saumu\u00f0. 176 bls. St\u00e6r\u00f0: 19.5 X 12.3 cm. Shirtingur \u00e1 kj\u00f6l og papp\u00edr \u00e1 hli\u00f0um, \u00e1prenta\u00f0 \u00e1 framhli\u00f0.<\/p>\n<p><strong>Publishing and printing<\/strong> :<br \/>\n\u00datgefandi: Oddur Bj\u00f6rnsson, Kaupmannah\u00f6fn 1898. Printed by university printer JH Schultz.<\/p>\n<p>Antiques.<\/p>\n","protected":false},"excerpt":{"rendered":"<p>\u00daran\u00eda eftir Camille Flammarion. B\u00f3kasafn al\u00fe\u00fd\u00f0u \u2013 1. flokkur 3. bindi. Bj\u00f6rn Bjarnason fr\u00e1 Vi\u00f0fir\u00f0i \u00fe\u00fdddi. B\u00f3kin er \u00ed 3 \u00fe\u00e1ttum: Fyrsti \u00fe\u00e1ttur: Stj\u00f6rnud\u00edsin \u2013 2. \u00de\u00e1ttur: Georg Sper\u00f3 \u2013 3. \u00de\u00e1ttur: Himinn og j\u00f6r\u00f0. Margar myndir eru \u00ed b\u00f3kinni. Samt\u00edmaband og b\u00f3kin er bundin \u00ed har\u00f0spj\u00f6ld og saumu\u00f0. 176 bls. St\u00e6r\u00f0: 19.5 X 12.3 [&hellip;]<\/p>\n","protected":false},"featured_media":4877,"template":"","meta":{"slim_seo":{"title":"\u00daran\u00eda - KindArt","description":"\u00daran\u00eda eftir Camille Flammarion. B\u00f3kasafn al\u00fe\u00fd\u00f0u \u2013 1. flokkur 3. bindi. Bj\u00f6rn Bjarnason fr\u00e1 Vi\u00f0fir\u00f0i \u00fe\u00fdddi. B\u00f3kin er \u00ed 3 \u00fe\u00e1ttum: Fyrsti \u00fe\u00e1ttur: Stj\u00f6rnud\u00edsin \u2013 2"}},"product_brand":[],"product_cat":[83],"product_tag":[],"class_list":{"0":"post-4884","1":"product","2":"type-product","3":"status-publish","4":"has-post-thumbnail","6":"product_cat-books","7":"product_shipping_class-small-en","9":"first","10":"outofstock","11":"sold-individually","12":"purchasable","13":"product-type-simple"},"_links":{"self":[{"href":"https:\/\/kindart.is\/en\/wp-json\/wp\/v2\/product\/4884","targetHints":{"allow":["GET"]}}],"collection":[{"href":"https:\/\/kindart.is\/en\/wp-json\/wp\/v2\/product"}],"about":[{"href":"https:\/\/kindart.is\/en\/wp-json\/wp\/v2\/types\/product"}],"wp:featuredmedia":[{"embeddable":true,"href":"https:\/\/kindart.is\/en\/wp-json\/wp\/v2\/media\/4877"}],"wp:attachment":[{"href":"https:\/\/kindart.is\/en\/wp-json\/wp\/v2\/media?parent=4884"}],"wp:term":[{"taxonomy":"product_brand","embeddable":true,"href":"https:\/\/kindart.is\/en\/wp-json\/wp\/v2\/product_brand?post=4884"},{"taxonomy":"product_cat","embeddable":true,"href":"https:\/\/kindart.is\/en\/wp-json\/wp\/v2\/product_cat?post=4884"},{"taxonomy":"product_tag","embeddable":true,"href":"https:\/\/kindart.is\/en\/wp-json\/wp\/v2\/product_tag?post=4884"}],"curies":[{"name":"wp","href":"https:\/\/api.w.org\/{rel}","templated":true}]}}