{"id":4891,"date":"2022-07-08T13:09:14","date_gmt":"2022-07-08T13:09:48","guid":{"rendered":"https:\/\/kindart.is\/product\/words-spoken-in-time\/"},"modified":"2022-07-08T13:09:48","modified_gmt":"2022-07-08T13:09:48","slug":"word-in-time-tolud","status":"publish","type":"product","link":"https:\/\/kindart.is\/en\/vara\/word-in-time-tolud\/","title":{"rendered":"Words spoken in time"},"content":{"rendered":"<p><strong>Words spoken in time<\/strong> . Special print from Vikubla\u00f0i\u00f0 Vikan. All rights reserved states on p. 2. &#8211; On p. 1 is the stamp of the Reykjav\u00edk Police Library. &#8211; In Vikunn about this time there was a light episode of a lighter kind which were ironic stories of various well-known characters, sometimes foreign, but most often told about various well-known Icelanders and on the front page and cover are small drawings of some of them. The book is bound in a baseband, rexin on the keel and corner and covered with tubular paper on panels. Invalid. Size: 25 X 18 cm and 112 pages.<\/p>\n<p><strong>Publishing and printing<\/strong> :<br \/>\nPublisher is not mentioned. Reykjav\u00edk[1939] Viking print.<\/p>\n","protected":false},"excerpt":{"rendered":"<p>Words spoken in time . Special print from Vikubla\u00f0i\u00f0 Vikan. All rights reserved states on p. 2. &#8211; On p. 1 is the stamp of the Reykjav\u00edk Police Library. &#8211; In Vikunn about this time there was a light episode of a lighter kind which were ironic stories of various well-known characters, sometimes foreign, but [&hellip;]<\/p>\n","protected":false},"featured_media":4888,"template":"","meta":{"slim_seo":{"title":"Words spoken in time - KindArt","description":"Words spoken in time . Special print from Vikubla\u00f0i\u00f0 Vikan. All rights reserved states on p. 2. - On p. 1 is the stamp of the Reykjav\u00edk Police Library. - In Vik"}},"product_brand":[],"product_cat":[83],"product_tag":[],"class_list":{"0":"post-4891","1":"product","2":"type-product","3":"status-publish","4":"has-post-thumbnail","6":"product_cat-books","7":"product_shipping_class-small-en","9":"first","10":"outofstock","11":"sold-individually","12":"purchasable","13":"product-type-simple"},"_links":{"self":[{"href":"https:\/\/kindart.is\/en\/wp-json\/wp\/v2\/product\/4891","targetHints":{"allow":["GET"]}}],"collection":[{"href":"https:\/\/kindart.is\/en\/wp-json\/wp\/v2\/product"}],"about":[{"href":"https:\/\/kindart.is\/en\/wp-json\/wp\/v2\/types\/product"}],"wp:featuredmedia":[{"embeddable":true,"href":"https:\/\/kindart.is\/en\/wp-json\/wp\/v2\/media\/4888"}],"wp:attachment":[{"href":"https:\/\/kindart.is\/en\/wp-json\/wp\/v2\/media?parent=4891"}],"wp:term":[{"taxonomy":"product_brand","embeddable":true,"href":"https:\/\/kindart.is\/en\/wp-json\/wp\/v2\/product_brand?post=4891"},{"taxonomy":"product_cat","embeddable":true,"href":"https:\/\/kindart.is\/en\/wp-json\/wp\/v2\/product_cat?post=4891"},{"taxonomy":"product_tag","embeddable":true,"href":"https:\/\/kindart.is\/en\/wp-json\/wp\/v2\/product_tag?post=4891"}],"curies":[{"name":"wp","href":"https:\/\/api.w.org\/{rel}","templated":true}]}}