{"id":4898,"date":"2022-07-08T13:13:12","date_gmt":"2022-07-08T13:13:50","guid":{"rendered":"https:\/\/kindart.is\/product\/assassination-leaflets-of-bishop-gudbrandur-thorlaksson\/"},"modified":"2022-07-08T13:13:50","modified_gmt":"2022-07-08T13:13:50","slug":"mordbrefabaeklingar-gudbrands-biskups-thorlakssonar-2","status":"publish","type":"product","link":"https:\/\/kindart.is\/en\/vara\/mordbrefabaeklingar-gudbrands-biskups-thorlakssonar-2\/","title":{"rendered":"Assassination leaflets of Bishop Gu\u00f0brandur \u00deorl\u00e1ksson"},"content":{"rendered":"<p><strong>Assassination pamphlets of Bishop Gu\u00f0brand \u00deorl\u00e1ksson<\/strong> , 1592, 1595 and 1608, with accompanying documents. Dr. J\u00f3n \u00deorkelsson, chairman of S\u00f6guf\u00e9lag, was responsible for publishing the Mor\u00f0br\u00e9fab\u00e6klingar. The book is bound in a blue shagrin leather strap on the keel and corner, with a deep fold and blue-clouded cardboard. The book has a list of names of people. Size: 19 X 12 cm and 282 pages.<\/p>\n<p><strong>Publishing and printing<\/strong> :<br \/>\nPublisher: S\u00f6guf\u00e9lagi\u00f0, Reykjav\u00edk 1902 &#8211; 1906. Aldarprentsmi\u00f0ja and Prentsm. Gutenberg.<\/p>\n","protected":false},"excerpt":{"rendered":"<p>Assassination pamphlets of Bishop Gu\u00f0brand \u00deorl\u00e1ksson , 1592, 1595 and 1608, with accompanying documents. Dr. J\u00f3n \u00deorkelsson, chairman of S\u00f6guf\u00e9lag, was responsible for publishing the Mor\u00f0br\u00e9fab\u00e6klingar. The book is bound in a blue shagrin leather strap on the keel and corner, with a deep fold and blue-clouded cardboard. The book has a list of names [&hellip;]<\/p>\n","protected":false},"featured_media":4895,"template":"","meta":{"slim_seo":{"title":"Assassination leaflets of Bishop Gu\u00f0brandur \u00deorl\u00e1ksson - KindArt","description":"Assassination pamphlets of Bishop Gu\u00f0brand \u00deorl\u00e1ksson , 1592, 1595 and 1608, with accompanying documents. Dr. J\u00f3n \u00deorkelsson, chairman of S\u00f6guf\u00e9lag, was respons"}},"product_brand":[],"product_cat":[83],"product_tag":[],"class_list":{"0":"post-4898","1":"product","2":"type-product","3":"status-publish","4":"has-post-thumbnail","6":"product_cat-books","7":"product_shipping_class-small-en","9":"first","10":"outofstock","11":"sold-individually","12":"purchasable","13":"product-type-simple"},"_links":{"self":[{"href":"https:\/\/kindart.is\/en\/wp-json\/wp\/v2\/product\/4898","targetHints":{"allow":["GET"]}}],"collection":[{"href":"https:\/\/kindart.is\/en\/wp-json\/wp\/v2\/product"}],"about":[{"href":"https:\/\/kindart.is\/en\/wp-json\/wp\/v2\/types\/product"}],"wp:featuredmedia":[{"embeddable":true,"href":"https:\/\/kindart.is\/en\/wp-json\/wp\/v2\/media\/4895"}],"wp:attachment":[{"href":"https:\/\/kindart.is\/en\/wp-json\/wp\/v2\/media?parent=4898"}],"wp:term":[{"taxonomy":"product_brand","embeddable":true,"href":"https:\/\/kindart.is\/en\/wp-json\/wp\/v2\/product_brand?post=4898"},{"taxonomy":"product_cat","embeddable":true,"href":"https:\/\/kindart.is\/en\/wp-json\/wp\/v2\/product_cat?post=4898"},{"taxonomy":"product_tag","embeddable":true,"href":"https:\/\/kindart.is\/en\/wp-json\/wp\/v2\/product_tag?post=4898"}],"curies":[{"name":"wp","href":"https:\/\/api.w.org\/{rel}","templated":true}]}}