{"id":4905,"date":"2022-07-08T13:18:03","date_gmt":"2022-07-08T13:18:42","guid":{"rendered":"https:\/\/kindart.is\/product\/kona-manns\/"},"modified":"2022-07-08T13:18:42","modified_gmt":"2022-07-08T13:18:42","slug":"kona-manns-2","status":"publish","type":"product","link":"https:\/\/kindart.is\/en\/vara\/kona-manns-2\/","title":{"rendered":"Kona manns"},"content":{"rendered":"<p><strong>Man&#8217;s wife<\/strong> by Vilhelm Moberg. J\u00f3n Helgason translated. The most famous love story written in the Nordic countries in recent decades is on the front page. The first edition sold out in two days. The book is in a publishing volume with a protective cover, a good copy. Size: 24 X 15.2 cm and 192 pages.<\/p>\n<p><strong>Publishing and printing<\/strong> :<br \/>\nDraupnis\u00fatg\u00e1fan, Reykjav\u00edk Second edition 1945. Fr\u00f3\u00f0i printing works.<\/p>\n","protected":false},"excerpt":{"rendered":"<p>Man&#8217;s wife by Vilhelm Moberg. J\u00f3n Helgason translated. The most famous love story written in the Nordic countries in recent decades is on the front page. The first edition sold out in two days. The book is in a publishing volume with a protective cover, a good copy. Size: 24 X 15.2 cm and 192 [&hellip;]<\/p>\n","protected":false},"featured_media":4902,"template":"","meta":{"slim_seo":{"title":"Kona manns - KindArt","description":"Man's wife by Vilhelm Moberg. J\u00f3n Helgason translated. The most famous love story written in the Nordic countries in recent decades is on the front page. The fi"}},"product_brand":[],"product_cat":[83],"product_tag":[],"class_list":{"0":"post-4905","1":"product","2":"type-product","3":"status-publish","4":"has-post-thumbnail","6":"product_cat-books","7":"product_shipping_class-small-en","9":"first","10":"outofstock","11":"sold-individually","12":"purchasable","13":"product-type-simple"},"_links":{"self":[{"href":"https:\/\/kindart.is\/en\/wp-json\/wp\/v2\/product\/4905","targetHints":{"allow":["GET"]}}],"collection":[{"href":"https:\/\/kindart.is\/en\/wp-json\/wp\/v2\/product"}],"about":[{"href":"https:\/\/kindart.is\/en\/wp-json\/wp\/v2\/types\/product"}],"wp:featuredmedia":[{"embeddable":true,"href":"https:\/\/kindart.is\/en\/wp-json\/wp\/v2\/media\/4902"}],"wp:attachment":[{"href":"https:\/\/kindart.is\/en\/wp-json\/wp\/v2\/media?parent=4905"}],"wp:term":[{"taxonomy":"product_brand","embeddable":true,"href":"https:\/\/kindart.is\/en\/wp-json\/wp\/v2\/product_brand?post=4905"},{"taxonomy":"product_cat","embeddable":true,"href":"https:\/\/kindart.is\/en\/wp-json\/wp\/v2\/product_cat?post=4905"},{"taxonomy":"product_tag","embeddable":true,"href":"https:\/\/kindart.is\/en\/wp-json\/wp\/v2\/product_tag?post=4905"}],"curies":[{"name":"wp","href":"https:\/\/api.w.org\/{rel}","templated":true}]}}