{"id":4930,"date":"2022-07-09T16:18:29","date_gmt":"2022-07-09T16:19:59","guid":{"rendered":"https:\/\/kindart.is\/product\/old-papers-i\/"},"modified":"2022-07-09T16:19:59","modified_gmt":"2022-07-09T16:19:59","slug":"gomul-blood-i","status":"publish","type":"product","link":"https:\/\/kindart.is\/en\/vara\/gomul-blood-i\/","title":{"rendered":"Old papers &#8211; I"},"content":{"rendered":"<p><strong>Old papers &#8211; I.<\/strong> Here is a package of newspapers, five old magazines of various kinds and they are all antiques, ie over 100 years old. These are the following sheets:<\/p>\n<p><strong>Morgunbla\u00f0i\u00f0<\/strong> . 1. price 55. tbl. 28. des. 1913 &#8211; Reykjav\u00edk; Editor: Vilhj\u00e1lmur Finsen<br \/>\n<strong>Sk\u00f6fnungur<\/strong> . 1. price 3. paper. 25. June 1902 &#8211; \u00cdsafj\u00f6r\u00f0ur; Editor: Sk\u00fali Thoroddsen<br \/>\n<strong>South<\/strong> . 1. price 4. paper. 7. July 1910 &#8211; Eyrarbakki<br \/>\n<strong>Vestri<\/strong> . 1. price no. 1. 30. Oct 1901 &#8211; \u00cdsafj\u00f6r\u00f0ur<br \/>\n<strong>The will of the people<\/strong> . 15. \u00e1rg. Dec 16 1901 &#8211; Bessasta\u00f0ir<\/p>\n<p><strong>Publishing and printing<\/strong> :<br \/>\nMorgunbla\u00f0i\u00f0: \u00datg. Association in Reykjav\u00edk 1913. \u00cdsafoldarprentsmi\u00f0ja.<br \/>\nSk\u00f6fnungur: Published by: Sk\u00fali Thoroddsen \u00cdsafj\u00f6r\u00f0ur 1902. Litla prentsmi\u00f0jan.<br \/>\nSu\u00f0urland: \u00datg .: Hlutaf\u00e9lagi\u00f0 D\u00e6gradv\u00f6l Eyrarbakki 1910. Prentsm. Su\u00f0urlands.<br \/>\nVestri: \u00datg .: Hlutaf\u00e9lag \u00e1 \u00cdsafj\u00f6r\u00f0ur 1901. Prentsm. West Fjords.<br \/>\n\u00dej\u00f3\u00f0viljinn: Published by: Sk\u00fali Thoroddsen Bessasta\u00f0ir 1901. \u00dej\u00f3\u00f0viljans printing works.<\/p>\n<p>Antiques.<\/p>\n","protected":false},"excerpt":{"rendered":"<p>Old papers &#8211; I. Here is a package of newspapers, five old magazines of various kinds and they are all antiques, ie over 100 years old. These are the following sheets: Morgunbla\u00f0i\u00f0 . 1. price 55. tbl. 28. des. 1913 &#8211; Reykjav\u00edk; Editor: Vilhj\u00e1lmur Finsen Sk\u00f6fnungur . 1. price 3. paper. 25. June 1902 &#8211; [&hellip;]<\/p>\n","protected":false},"featured_media":4928,"template":"","meta":{"slim_seo":{"title":"Old papers - I - KindArt","description":"Old papers - I. Here is a package of newspapers, five old magazines of various kinds and they are all antiques, ie over 100 years old. These are the following s"}},"product_brand":[],"product_cat":[83],"product_tag":[],"class_list":{"0":"post-4930","1":"product","2":"type-product","3":"status-publish","4":"has-post-thumbnail","6":"product_cat-books","7":"product_shipping_class-small-en","9":"first","10":"outofstock","11":"sold-individually","12":"purchasable","13":"product-type-simple"},"_links":{"self":[{"href":"https:\/\/kindart.is\/en\/wp-json\/wp\/v2\/product\/4930","targetHints":{"allow":["GET"]}}],"collection":[{"href":"https:\/\/kindart.is\/en\/wp-json\/wp\/v2\/product"}],"about":[{"href":"https:\/\/kindart.is\/en\/wp-json\/wp\/v2\/types\/product"}],"wp:featuredmedia":[{"embeddable":true,"href":"https:\/\/kindart.is\/en\/wp-json\/wp\/v2\/media\/4928"}],"wp:attachment":[{"href":"https:\/\/kindart.is\/en\/wp-json\/wp\/v2\/media?parent=4930"}],"wp:term":[{"taxonomy":"product_brand","embeddable":true,"href":"https:\/\/kindart.is\/en\/wp-json\/wp\/v2\/product_brand?post=4930"},{"taxonomy":"product_cat","embeddable":true,"href":"https:\/\/kindart.is\/en\/wp-json\/wp\/v2\/product_cat?post=4930"},{"taxonomy":"product_tag","embeddable":true,"href":"https:\/\/kindart.is\/en\/wp-json\/wp\/v2\/product_tag?post=4930"}],"curies":[{"name":"wp","href":"https:\/\/api.w.org\/{rel}","templated":true}]}}