{"id":4944,"date":"2022-07-13T17:16:16","date_gmt":"2022-07-13T17:17:01","guid":{"rendered":"https:\/\/kindart.is\/product\/vandi\/"},"modified":"2022-07-13T17:17:01","modified_gmt":"2022-07-13T17:17:01","slug":"vandi-2","status":"publish","type":"product","link":"https:\/\/kindart.is\/en\/vara\/vandi-2\/","title":{"rendered":"Vandi"},"content":{"rendered":"<p><strong>Vandi<\/strong> &#8211; 5. issue March 1959. Editors: Eysteinn \u00deorvaldsson, Bj\u00f6rgvin Sal\u00f3monsson and Hj\u00f6rleifur Giuttormsson. Illustrator: Hringur J\u00f3hannesson.<br \/>\nThe blade is wire-bound on the side with 4 clamps. 30 p. and cover, printed on the inside of the cover. Size: 29.5 X 21 cm. The paper mainly deals with politics and trade union issues.<\/p>\n<p><strong>Publishing and printing<\/strong> :<br \/>\nPublisher: S\u00cdA, S\u00f3s\u00edalistaf\u00e9lag \u00cdslendingar austantjalds.<\/p>\n","protected":false},"excerpt":{"rendered":"<p>Vandi &#8211; 5. issue March 1959. Editors: Eysteinn \u00deorvaldsson, Bj\u00f6rgvin Sal\u00f3monsson and Hj\u00f6rleifur Giuttormsson. Illustrator: Hringur J\u00f3hannesson. The blade is wire-bound on the side with 4 clamps. 30 p. and cover, printed on the inside of the cover. Size: 29.5 X 21 cm. The paper mainly deals with politics and trade union issues. Publishing and [&hellip;]<\/p>\n","protected":false},"featured_media":4942,"template":"","meta":{"slim_seo":{"title":"Vandi - KindArt","description":"Vandi - 5. issue March 1959. Editors: Eysteinn \u00deorvaldsson, Bj\u00f6rgvin Sal\u00f3monsson and Hj\u00f6rleifur Giuttormsson. Illustrator: Hringur J\u00f3hannesson. The blade is wir"}},"product_brand":[],"product_cat":[83],"product_tag":[],"class_list":{"0":"post-4944","1":"product","2":"type-product","3":"status-publish","4":"has-post-thumbnail","6":"product_cat-books","7":"product_shipping_class-small-en","9":"first","10":"outofstock","11":"sold-individually","12":"purchasable","13":"product-type-simple"},"_links":{"self":[{"href":"https:\/\/kindart.is\/en\/wp-json\/wp\/v2\/product\/4944","targetHints":{"allow":["GET"]}}],"collection":[{"href":"https:\/\/kindart.is\/en\/wp-json\/wp\/v2\/product"}],"about":[{"href":"https:\/\/kindart.is\/en\/wp-json\/wp\/v2\/types\/product"}],"wp:featuredmedia":[{"embeddable":true,"href":"https:\/\/kindart.is\/en\/wp-json\/wp\/v2\/media\/4942"}],"wp:attachment":[{"href":"https:\/\/kindart.is\/en\/wp-json\/wp\/v2\/media?parent=4944"}],"wp:term":[{"taxonomy":"product_brand","embeddable":true,"href":"https:\/\/kindart.is\/en\/wp-json\/wp\/v2\/product_brand?post=4944"},{"taxonomy":"product_cat","embeddable":true,"href":"https:\/\/kindart.is\/en\/wp-json\/wp\/v2\/product_cat?post=4944"},{"taxonomy":"product_tag","embeddable":true,"href":"https:\/\/kindart.is\/en\/wp-json\/wp\/v2\/product_tag?post=4944"}],"curies":[{"name":"wp","href":"https:\/\/api.w.org\/{rel}","templated":true}]}}