{"id":4949,"date":"2022-07-13T17:21:36","date_gmt":"2022-07-13T17:22:17","guid":{"rendered":"https:\/\/kindart.is\/product\/taningabladid-toppkorn\/"},"modified":"2022-07-13T17:22:17","modified_gmt":"2022-07-13T17:22:17","slug":"taningabladid-top-grains","status":"publish","type":"product","link":"https:\/\/kindart.is\/en\/vara\/taningabladid-top-grains\/","title":{"rendered":"T\u00e1ningabla\u00f0i\u00f0 Toppkorn"},"content":{"rendered":"<p><strong>T\u00e1ningabla\u00f0i\u00f0 Toppkorn<\/strong> , 1.tbl. 2.\u00e1rg. Jan. 1969 &#8211; Saga Jimi Hendriks- Top 30 o.fl. &#8211; This issue can not be seen on timarit.is so it is not known how many issues came out. The paper is 16 pages. wire stapled and 29.7 X 20.6 cm in size. The cover image of the magazine is The Beatles, as the illustrator of the German magazine Stern then envisions after 30-40 years.<\/p>\n<p><strong>Publishing and printing<\/strong> :<br \/>\nEditor: Hj\u00f6rtur Bl\u00f6ndal, Hl\u00e9ger\u00f0i 7, K\u00f3pavogur. Sentence: F\u00e9lagsprentsmi\u00f0jan. Printing: Offsetmyndir hf.<\/p>\n","protected":false},"excerpt":{"rendered":"<p>T\u00e1ningabla\u00f0i\u00f0 Toppkorn , 1.tbl. 2.\u00e1rg. Jan. 1969 &#8211; Saga Jimi Hendriks- Top 30 o.fl. &#8211; This issue can not be seen on timarit.is so it is not known how many issues came out. The paper is 16 pages. wire stapled and 29.7 X 20.6 cm in size. The cover image of the magazine is The [&hellip;]<\/p>\n","protected":false},"featured_media":4948,"template":"","meta":{"slim_seo":{"title":"T\u00e1ningabla\u00f0i\u00f0 Toppkorn - KindArt","description":"T\u00e1ningabla\u00f0i\u00f0 Toppkorn , 1.tbl. 2.\u00e1rg. Jan. 1969 - Saga Jimi Hendriks- Top 30 o.fl. - This issue can not be seen on timarit.is so it is not known how many issue"}},"product_brand":[],"product_cat":[83],"product_tag":[],"class_list":{"0":"post-4949","1":"product","2":"type-product","3":"status-publish","4":"has-post-thumbnail","6":"product_cat-books","7":"product_shipping_class-small-en","9":"first","10":"instock","11":"sold-individually","12":"purchasable","13":"product-type-simple"},"_links":{"self":[{"href":"https:\/\/kindart.is\/en\/wp-json\/wp\/v2\/product\/4949","targetHints":{"allow":["GET"]}}],"collection":[{"href":"https:\/\/kindart.is\/en\/wp-json\/wp\/v2\/product"}],"about":[{"href":"https:\/\/kindart.is\/en\/wp-json\/wp\/v2\/types\/product"}],"wp:featuredmedia":[{"embeddable":true,"href":"https:\/\/kindart.is\/en\/wp-json\/wp\/v2\/media\/4948"}],"wp:attachment":[{"href":"https:\/\/kindart.is\/en\/wp-json\/wp\/v2\/media?parent=4949"}],"wp:term":[{"taxonomy":"product_brand","embeddable":true,"href":"https:\/\/kindart.is\/en\/wp-json\/wp\/v2\/product_brand?post=4949"},{"taxonomy":"product_cat","embeddable":true,"href":"https:\/\/kindart.is\/en\/wp-json\/wp\/v2\/product_cat?post=4949"},{"taxonomy":"product_tag","embeddable":true,"href":"https:\/\/kindart.is\/en\/wp-json\/wp\/v2\/product_tag?post=4949"}],"curies":[{"name":"wp","href":"https:\/\/api.w.org\/{rel}","templated":true}]}}