{"id":4956,"date":"2022-07-13T17:30:47","date_gmt":"2022-07-13T17:31:17","guid":{"rendered":"https:\/\/kindart.is\/product\/grallari\/"},"modified":"2022-07-13T17:31:17","modified_gmt":"2022-07-13T17:31:17","slug":"grallari-2","status":"publish","type":"product","link":"https:\/\/kindart.is\/en\/vara\/grallari-2\/","title":{"rendered":"Grallari"},"content":{"rendered":"<p><strong>Grallari<\/strong> . The language of the misunderstood. This is probably the student magazine of Menntask\u00f3linn \u00ed Reykjav\u00edk, but it is marked: 1.tbl. 1.\u00e1rg. December 1954 The sheet is wire-bound and 12 pages and its size is: 27.5 X 22 cm.<\/p>\n<p><strong>Publishing and printing<\/strong> :<br \/>\nEditor: Magn\u00fas J\u00f3nsson. Responsible Hj\u00f6rtur Halld\u00f3rsson. Writing committee: Ragnar Arnalds, Solveig J\u00f3nsd\u00f3ttir and Halld\u00f3r Bl\u00f6ndal. Reykjav\u00edk. Fj\u00f6lritunarstofa Dan\u00edels Halld\u00f3rssonar.<\/p>\n","protected":false},"excerpt":{"rendered":"<p>Grallari . The language of the misunderstood. This is probably the student magazine of Menntask\u00f3linn \u00ed Reykjav\u00edk, but it is marked: 1.tbl. 1.\u00e1rg. December 1954 The sheet is wire-bound and 12 pages and its size is: 27.5 X 22 cm. Publishing and printing : Editor: Magn\u00fas J\u00f3nsson. Responsible Hj\u00f6rtur Halld\u00f3rsson. Writing committee: Ragnar Arnalds, Solveig [&hellip;]<\/p>\n","protected":false},"featured_media":4955,"template":"","meta":{"slim_seo":{"title":"Grallari - KindArt","description":"Grallari . The language of the misunderstood. This is probably the student magazine of Menntask\u00f3linn \u00ed Reykjav\u00edk, but it is marked: 1.tbl. 1.\u00e1rg. December 1954"}},"product_brand":[],"product_cat":[83],"product_tag":[],"class_list":{"0":"post-4956","1":"product","2":"type-product","3":"status-publish","4":"has-post-thumbnail","6":"product_cat-books","7":"product_shipping_class-small-en","9":"first","10":"outofstock","11":"sold-individually","12":"taxable","13":"shipping-taxable","14":"purchasable","15":"product-type-simple"},"_links":{"self":[{"href":"https:\/\/kindart.is\/en\/wp-json\/wp\/v2\/product\/4956","targetHints":{"allow":["GET"]}}],"collection":[{"href":"https:\/\/kindart.is\/en\/wp-json\/wp\/v2\/product"}],"about":[{"href":"https:\/\/kindart.is\/en\/wp-json\/wp\/v2\/types\/product"}],"wp:featuredmedia":[{"embeddable":true,"href":"https:\/\/kindart.is\/en\/wp-json\/wp\/v2\/media\/4955"}],"wp:attachment":[{"href":"https:\/\/kindart.is\/en\/wp-json\/wp\/v2\/media?parent=4956"}],"wp:term":[{"taxonomy":"product_brand","embeddable":true,"href":"https:\/\/kindart.is\/en\/wp-json\/wp\/v2\/product_brand?post=4956"},{"taxonomy":"product_cat","embeddable":true,"href":"https:\/\/kindart.is\/en\/wp-json\/wp\/v2\/product_cat?post=4956"},{"taxonomy":"product_tag","embeddable":true,"href":"https:\/\/kindart.is\/en\/wp-json\/wp\/v2\/product_tag?post=4956"}],"curies":[{"name":"wp","href":"https:\/\/api.w.org\/{rel}","templated":true}]}}