{"id":4962,"date":"2022-07-13T17:34:56","date_gmt":"2022-07-13T17:35:34","guid":{"rendered":"https:\/\/kindart.is\/product\/gandreidin\/"},"modified":"2022-07-13T17:35:34","modified_gmt":"2022-07-13T17:35:34","slug":"gandreidin-2","status":"publish","type":"product","link":"https:\/\/kindart.is\/en\/vara\/gandreidin-2\/","title":{"rendered":"Gandrei\u00f0in"},"content":{"rendered":"<p><strong>Gandrei\u00f0in<\/strong> , a comedy magazine with pictures, which is said to be published once or twice a week, but does not seem to have been published often. In any case, it only exists in the 1st issue. in Lbs. as it is marked in 1923. It offers 1. price 3. tbl. and came out 19. February 1925 and that paper is only 4 pages. and the size is 25.5 X 19 cm. The paper is printed on newsprint<\/p>\n<p><strong>Publishing and printing<\/strong> :<br \/>\nEditor: Platskver. Responsible is \u00c1g\u00fast J\u00f3hannesson, Reykjav\u00edk 1925.<\/p>\n","protected":false},"excerpt":{"rendered":"<p>Gandrei\u00f0in , a comedy magazine with pictures, which is said to be published once or twice a week, but does not seem to have been published often. In any case, it only exists in the 1st issue. in Lbs. as it is marked in 1923. It offers 1. price 3. tbl. and came out 19. [&hellip;]<\/p>\n","protected":false},"featured_media":4960,"template":"","meta":{"slim_seo":{"title":"Gandrei\u00f0in - KindArt","description":"Gandrei\u00f0in , a comedy magazine with pictures, which is said to be published once or twice a week, but does not seem to have been published often. In any case, i"}},"product_brand":[],"product_cat":[83],"product_tag":[],"class_list":{"0":"post-4962","1":"product","2":"type-product","3":"status-publish","4":"has-post-thumbnail","6":"product_cat-books","7":"product_shipping_class-small-en","9":"first","10":"instock","11":"sold-individually","12":"purchasable","13":"product-type-simple"},"_links":{"self":[{"href":"https:\/\/kindart.is\/en\/wp-json\/wp\/v2\/product\/4962","targetHints":{"allow":["GET"]}}],"collection":[{"href":"https:\/\/kindart.is\/en\/wp-json\/wp\/v2\/product"}],"about":[{"href":"https:\/\/kindart.is\/en\/wp-json\/wp\/v2\/types\/product"}],"wp:featuredmedia":[{"embeddable":true,"href":"https:\/\/kindart.is\/en\/wp-json\/wp\/v2\/media\/4960"}],"wp:attachment":[{"href":"https:\/\/kindart.is\/en\/wp-json\/wp\/v2\/media?parent=4962"}],"wp:term":[{"taxonomy":"product_brand","embeddable":true,"href":"https:\/\/kindart.is\/en\/wp-json\/wp\/v2\/product_brand?post=4962"},{"taxonomy":"product_cat","embeddable":true,"href":"https:\/\/kindart.is\/en\/wp-json\/wp\/v2\/product_cat?post=4962"},{"taxonomy":"product_tag","embeddable":true,"href":"https:\/\/kindart.is\/en\/wp-json\/wp\/v2\/product_tag?post=4962"}],"curies":[{"name":"wp","href":"https:\/\/api.w.org\/{rel}","templated":true}]}}