{"id":4975,"date":"2022-07-14T15:27:29","date_gmt":"2022-07-14T15:27:57","guid":{"rendered":"https:\/\/kindart.is\/product\/under-the-stars-and-the-sun\/"},"modified":"2022-07-14T15:27:57","modified_gmt":"2022-07-14T15:27:57","slug":"under-the-stars-and-sun","status":"publish","type":"product","link":"https:\/\/kindart.is\/en\/vara\/under-the-stars-and-sun\/","title":{"rendered":"Under the stars and the sun"},"content":{"rendered":"<p><strong>Under the stars and the sun<\/strong> , a book of poems by Einar Svansson. Svanur J\u00f3hannesson made a cover photo. The book has 49 poems, 23 X 15.5 cm in size and 96 pages.<\/p>\n<p><strong>Publishing and printing<\/strong> :<br \/>\nPublisher: Author. Reykjav\u00edk 1991. Bookbinding: F\u00e9lagsb\u00f3kbandi\u00f0 B\u00f3kfell. Printing: F\u00e9lagsprentsmi\u00f0jan.<\/p>\n","protected":false},"excerpt":{"rendered":"<p>Under the stars and the sun , a book of poems by Einar Svansson. Svanur J\u00f3hannesson made a cover photo. The book has 49 poems, 23 X 15.5 cm in size and 96 pages. Publishing and printing : Publisher: Author. Reykjav\u00edk 1991. Bookbinding: F\u00e9lagsb\u00f3kbandi\u00f0 B\u00f3kfell. Printing: F\u00e9lagsprentsmi\u00f0jan.<\/p>\n","protected":false},"featured_media":4972,"template":"","meta":{"slim_seo":{"title":"Under the stars and the sun - KindArt","description":"Under the stars and the sun , a book of poems by Einar Svansson. Svanur J\u00f3hannesson made a cover photo. The book has 49 poems, 23 X 15.5 cm in size and 96 pages"}},"product_brand":[],"product_cat":[83],"product_tag":[],"class_list":{"0":"post-4975","1":"product","2":"type-product","3":"status-publish","4":"has-post-thumbnail","6":"product_cat-books","7":"product_shipping_class-small-en","9":"first","10":"outofstock","11":"sold-individually","12":"purchasable","13":"product-type-simple"},"_links":{"self":[{"href":"https:\/\/kindart.is\/en\/wp-json\/wp\/v2\/product\/4975","targetHints":{"allow":["GET"]}}],"collection":[{"href":"https:\/\/kindart.is\/en\/wp-json\/wp\/v2\/product"}],"about":[{"href":"https:\/\/kindart.is\/en\/wp-json\/wp\/v2\/types\/product"}],"wp:featuredmedia":[{"embeddable":true,"href":"https:\/\/kindart.is\/en\/wp-json\/wp\/v2\/media\/4972"}],"wp:attachment":[{"href":"https:\/\/kindart.is\/en\/wp-json\/wp\/v2\/media?parent=4975"}],"wp:term":[{"taxonomy":"product_brand","embeddable":true,"href":"https:\/\/kindart.is\/en\/wp-json\/wp\/v2\/product_brand?post=4975"},{"taxonomy":"product_cat","embeddable":true,"href":"https:\/\/kindart.is\/en\/wp-json\/wp\/v2\/product_cat?post=4975"},{"taxonomy":"product_tag","embeddable":true,"href":"https:\/\/kindart.is\/en\/wp-json\/wp\/v2\/product_tag?post=4975"}],"curies":[{"name":"wp","href":"https:\/\/api.w.org\/{rel}","templated":true}]}}