{"id":4982,"date":"2022-07-14T15:31:34","date_gmt":"2022-07-14T15:32:03","guid":{"rendered":"https:\/\/kindart.is\/product\/between-streams-and-rivers\/"},"modified":"2022-07-14T15:32:03","modified_gmt":"2022-07-14T15:32:03","slug":"between-laekjar-og-ar","status":"publish","type":"product","link":"https:\/\/kindart.is\/en\/vara\/between-laekjar-og-ar\/","title":{"rendered":"Between streams and rivers"},"content":{"rendered":"<p><strong>Between streams and rivers<\/strong> , a book of poems by Sigr\u00ed\u00f0ur Einar fr\u00e1 Muna\u00f0arnes. 43 poems and 3 translations. The book is bound in a publishing volume. Blue material in alband. 21.7 X 14 cm in size and 96 pages.<\/p>\n<p><strong>Publishing and printing<\/strong> :<br \/>\nHeimskringla, Reykjav\u00edk 1956. H\u00f3lar printing works.<\/p>\n","protected":false},"excerpt":{"rendered":"<p>Between streams and rivers , a book of poems by Sigr\u00ed\u00f0ur Einar fr\u00e1 Muna\u00f0arnes. 43 poems and 3 translations. The book is bound in a publishing volume. Blue material in alband. 21.7 X 14 cm in size and 96 pages. Publishing and printing : Heimskringla, Reykjav\u00edk 1956. H\u00f3lar printing works.<\/p>\n","protected":false},"featured_media":4985,"template":"","meta":{"slim_seo":{"title":"Between streams and rivers - KindArt","description":"Between streams and rivers , a book of poems by Sigr\u00ed\u00f0ur Einar fr\u00e1 Muna\u00f0arnes. 43 poems and 3 translations. The book is bound in a publishing volume. Blue mater"}},"product_brand":[],"product_cat":[83],"product_tag":[],"class_list":{"0":"post-4982","1":"product","2":"type-product","3":"status-publish","4":"has-post-thumbnail","6":"product_cat-books","7":"product_shipping_class-small-en","9":"first","10":"instock","11":"sold-individually","12":"purchasable","13":"product-type-simple"},"_links":{"self":[{"href":"https:\/\/kindart.is\/en\/wp-json\/wp\/v2\/product\/4982","targetHints":{"allow":["GET"]}}],"collection":[{"href":"https:\/\/kindart.is\/en\/wp-json\/wp\/v2\/product"}],"about":[{"href":"https:\/\/kindart.is\/en\/wp-json\/wp\/v2\/types\/product"}],"wp:featuredmedia":[{"embeddable":true,"href":"https:\/\/kindart.is\/en\/wp-json\/wp\/v2\/media\/4985"}],"wp:attachment":[{"href":"https:\/\/kindart.is\/en\/wp-json\/wp\/v2\/media?parent=4982"}],"wp:term":[{"taxonomy":"product_brand","embeddable":true,"href":"https:\/\/kindart.is\/en\/wp-json\/wp\/v2\/product_brand?post=4982"},{"taxonomy":"product_cat","embeddable":true,"href":"https:\/\/kindart.is\/en\/wp-json\/wp\/v2\/product_cat?post=4982"},{"taxonomy":"product_tag","embeddable":true,"href":"https:\/\/kindart.is\/en\/wp-json\/wp\/v2\/product_tag?post=4982"}],"curies":[{"name":"wp","href":"https:\/\/api.w.org\/{rel}","templated":true}]}}