{"id":4992,"date":"2022-07-14T15:40:32","date_gmt":"2022-07-14T15:40:57","guid":{"rendered":"https:\/\/kindart.is\/product\/the-people-friend\/"},"modified":"2022-07-14T15:40:57","modified_gmt":"2022-07-14T15:40:57","slug":"the-sound-buddy","status":"publish","type":"product","link":"https:\/\/kindart.is\/en\/vara\/the-sound-buddy\/","title":{"rendered":"The people friend"},"content":{"rendered":"<p><strong>L\u00fd\u00f0vinurinn<\/strong> was published in 1930-1938 but then there was a break in the publication, but then it was published in 1946-1951. &#8211; The editor was Gr\u00edmur A. Engilbert&#8217;s printer in Gutenberg. We offer here 6th year 1946 which is 21 issues. &#8211; On the back page it says that L\u00fd\u00f0vinurinn is the best photo and news magazine in the country and the service was on Nj\u00e1lsgata 42.- The book is bound in a hardcover, a shirt on the keel and printed cardboard with name and year. Each sheet is 4 pages. and is therefore6th year. a total of 84 pages.<\/p>\n<p><strong>Publishing and printing<\/strong> :<br \/>\nPublisher: Gr\u00edmur A. Engilberts. Reykjav\u00edk 1946. Printed as a manuscript in R\u00edkisprentsmi\u00f0jan Gutenberg.<\/p>\n","protected":false},"excerpt":{"rendered":"<p>L\u00fd\u00f0vinurinn was published in 1930-1938 but then there was a break in the publication, but then it was published in 1946-1951. &#8211; The editor was Gr\u00edmur A. Engilbert&#8217;s printer in Gutenberg. We offer here 6th year 1946 which is 21 issues. &#8211; On the back page it says that L\u00fd\u00f0vinurinn is the best photo and [&hellip;]<\/p>\n","protected":false},"featured_media":4989,"template":"","meta":{"slim_seo":{"title":"The people friend - KindArt","description":"L\u00fd\u00f0vinurinn was published in 1930-1938 but then there was a break in the publication, but then it was published in 1946-1951. - The editor was Gr\u00edmur A. Engilbe"}},"product_brand":[],"product_cat":[83],"product_tag":[],"class_list":{"0":"post-4992","1":"product","2":"type-product","3":"status-publish","4":"has-post-thumbnail","6":"product_cat-books","7":"product_shipping_class-small-en","9":"first","10":"instock","11":"sold-individually","12":"purchasable","13":"product-type-simple"},"_links":{"self":[{"href":"https:\/\/kindart.is\/en\/wp-json\/wp\/v2\/product\/4992","targetHints":{"allow":["GET"]}}],"collection":[{"href":"https:\/\/kindart.is\/en\/wp-json\/wp\/v2\/product"}],"about":[{"href":"https:\/\/kindart.is\/en\/wp-json\/wp\/v2\/types\/product"}],"wp:featuredmedia":[{"embeddable":true,"href":"https:\/\/kindart.is\/en\/wp-json\/wp\/v2\/media\/4989"}],"wp:attachment":[{"href":"https:\/\/kindart.is\/en\/wp-json\/wp\/v2\/media?parent=4992"}],"wp:term":[{"taxonomy":"product_brand","embeddable":true,"href":"https:\/\/kindart.is\/en\/wp-json\/wp\/v2\/product_brand?post=4992"},{"taxonomy":"product_cat","embeddable":true,"href":"https:\/\/kindart.is\/en\/wp-json\/wp\/v2\/product_cat?post=4992"},{"taxonomy":"product_tag","embeddable":true,"href":"https:\/\/kindart.is\/en\/wp-json\/wp\/v2\/product_tag?post=4992"}],"curies":[{"name":"wp","href":"https:\/\/api.w.org\/{rel}","templated":true}]}}